{"id":989,"date":"2018-10-10T18:27:28","date_gmt":"2018-10-10T16:27:28","guid":{"rendered":"http:\/\/ferretti.info\/bcsilly\/?page_id=989"},"modified":"2026-01-13T20:15:25","modified_gmt":"2026-01-13T19:15:25","slug":"documents-utiles","status":"publish","type":"page","link":"https:\/\/bcsilly.be\/index.php\/documents-utiles\/","title":{"rendered":"Documents utiles"},"content":{"rendered":"<h2><strong>T\u00e9l\u00e9chargez les documents utiles<\/strong><\/h2>\n<p>Retrouvez ci-dessous les documents d&#8217;inscription au B.C. Silly, les documents \u00e0 remplir en cas d&#8217;accident, les explications pour faire la feuille de match et le chrono, les r\u00e8glements en vigueur et les feuilles de rencontre mini-basket.<\/p>\n<h3><strong>Documents d&#8217;inscription<\/strong><\/h3>\n<p><img loading=\"lazy\" decoding=\"async\" class=\"alignleft wp-image-2777 size-thumbnail\" src=\"http:\/\/bcsilly.be\/wp-content\/uploads\/2018\/12\/Logo-Silly-basket-officiel-fond-bleu-150x150.png\" alt=\"\" width=\"150\" height=\"150\" srcset=\"https:\/\/bcsilly.be\/wp-content\/uploads\/2018\/12\/Logo-Silly-basket-officiel-fond-bleu-150x150.png 150w, https:\/\/bcsilly.be\/wp-content\/uploads\/2018\/12\/Logo-Silly-basket-officiel-fond-bleu-300x300.png 300w, https:\/\/bcsilly.be\/wp-content\/uploads\/2018\/12\/Logo-Silly-basket-officiel-fond-bleu-32x32.png 32w, https:\/\/bcsilly.be\/wp-content\/uploads\/2018\/12\/Logo-Silly-basket-officiel-fond-bleu-400x400.png 400w, https:\/\/bcsilly.be\/wp-content\/uploads\/2018\/12\/Logo-Silly-basket-officiel-fond-bleu.png 500w\" sizes=\"auto, (max-width: 150px) 100vw, 150px\" \/><a href=\"https:\/\/bcsilly.be\/index.php\/inscription\/\" target=\"_blank\" rel=\"noopener\">Renseignements pratiques 2025-2026<\/a><br \/>\n<a href=\"http:\/\/bcsilly.be\/wp-content\/uploads\/2025\/05\/BC-Silly-Demande-inscription-nouveau-joueur-2025-2026.pdf\" target=\"_blank\" rel=\"noopener\">Demande d&#8217;inscription nouveau joueur 2025-2026<\/a><br \/>\n<a href=\"http:\/\/bcsilly.be\/wp-content\/uploads\/2025\/05\/Certificat-medical-AWBB-2025-2026.pdf\" target=\"_blank\" rel=\"noopener\">Certificat m\u00e9dical 2025-2026<\/a><br \/>\n<a href=\"http:\/\/bcsilly.be\/wp-content\/uploads\/2024\/05\/Charte-du-respect_joueurs.jpg\" target=\"_blank\" rel=\"noopener\">Charte du respect du B.C. Silly pour les joueurs<\/a><br \/>\n<a href=\"http:\/\/bcsilly.be\/wp-content\/uploads\/2025\/05\/BC-Silly-Demande-inscription-NON-joueur-2025-2026.pdf\" target=\"_blank\" rel=\"noopener\">Formulaire d&#8217;inscription non joueur 2025-2026<\/a><br \/>\n<a href=\"http:\/\/bcsilly.be\/wp-content\/uploads\/2024\/05\/Charte-du-respect_pour-tous.jpg\" target=\"_blank\" rel=\"noopener\">Charte du respect du B.C. Silly pour les parents<\/a><br \/>\n<a href=\"https:\/\/bcsilly.be\/wp-content\/uploads\/2022\/11\/BC-Silly-Re%cc%80glement-dordre-inte%cc%81rieur-Re%cc%81v.5-Novembre-20222810.pdf\" target=\"_blank\" rel=\"noopener\">R\u00e8glement d&#8217;ordre int\u00e9rieur<\/a><\/p>\n<h3><strong>Documents en cas d&#8217;accident<\/strong><\/h3>\n<p>En cas d&#8217;accident, veillez \u00e0 compl\u00e9ter les trois documents suivants :<\/p>\n<p><img loading=\"lazy\" decoding=\"async\" class=\"alignleft wp-image-1932\" src=\"http:\/\/bcsilly.be\/wp-content\/uploads\/2018\/11\/MG_7983-150x150.jpg\" alt=\"\" width=\"150\" height=\"150\" srcset=\"https:\/\/bcsilly.be\/wp-content\/uploads\/2018\/11\/MG_7983-150x150.jpg 150w, https:\/\/bcsilly.be\/wp-content\/uploads\/2018\/11\/MG_7983-300x300.jpg 300w, https:\/\/bcsilly.be\/wp-content\/uploads\/2018\/11\/MG_7983-32x32.jpg 32w, https:\/\/bcsilly.be\/wp-content\/uploads\/2018\/11\/MG_7983-400x400.jpg 400w, https:\/\/bcsilly.be\/wp-content\/uploads\/2018\/11\/MG_7983.jpg 1600w\" sizes=\"auto, (max-width: 150px) 100vw, 150px\" \/><a href=\"http:\/\/bcsilly.be\/wp-content\/uploads\/2018\/09\/D\u00e9claration-accident-sportif.pdf\" target=\"_blank\" rel=\"noopener noreferrer\">D\u00e9claration d&#8217;accident sportif<\/a><br \/>\n<a href=\"http:\/\/bcsilly.be\/wp-content\/uploads\/2018\/10\/document_a_renvoyer.pdf\" target=\"_blank\" rel=\"noopener noreferrer\">Document \u00e0 renvoyer<\/a><br \/>\n<a href=\"http:\/\/bcsilly.be\/wp-content\/uploads\/2018\/09\/Certificat-m\u00e9dical.pdf\" target=\"_blank\" rel=\"noopener noreferrer\">Certificat m\u00e9dical<\/a><\/p>\n<p>&nbsp;<\/p>\n<h3><strong>Formation feuille de marque \u00e9lectronique<\/strong><\/h3>\n<p><img loading=\"lazy\" decoding=\"async\" class=\"alignleft wp-image-7877 size-thumbnail\" src=\"http:\/\/bcsilly.be\/wp-content\/uploads\/2023\/03\/Feuille-de-match-electronique-150x150.jpg\" alt=\"\" width=\"150\" height=\"150\" srcset=\"https:\/\/bcsilly.be\/wp-content\/uploads\/2023\/03\/Feuille-de-match-electronique-150x150.jpg 150w, https:\/\/bcsilly.be\/wp-content\/uploads\/2023\/03\/Feuille-de-match-electronique-300x300.jpg 300w, https:\/\/bcsilly.be\/wp-content\/uploads\/2023\/03\/Feuille-de-match-electronique-32x32.jpg 32w, https:\/\/bcsilly.be\/wp-content\/uploads\/2023\/03\/Feuille-de-match-electronique.jpg 392w\" sizes=\"auto, (max-width: 150px) 100vw, 150px\" \/><a href=\"https:\/\/bcsilly.be\/index.php\/2024\/07\/27\/la-feuille-de-match-electronique-explications-en-video\/\" target=\"_blank\" rel=\"noopener\">La feuille de match \u00e9lectronique : explications en vid\u00e9o<\/a><\/p>\n<p><a href=\"https:\/\/www.awbb.be\/wp-content\/uploads\/2021\/08\/La-feuille-%C3%A9lectronique-AWBB-Manuel-de-lutilisateur-v1.0.pdf\" target=\"_blank\" rel=\"noopener\">Manuel de l&#8217;utilisateur feuille de match \u00e9lectronique &#8211; AWBB 2021<\/a><br \/>\n<a href=\"http:\/\/bcsilly.be\/wp-content\/uploads\/2018\/10\/Formation-OTM-Signaux-des-arbitres.pdf\" target=\"_blank\" rel=\"noopener noreferrer\">Formation OTM Signaux des arbitres<\/a><\/p>\n<h3><strong>Formation chrono 24 secondes<\/strong><\/h3>\n<p data-wp-editing=\"1\"><img loading=\"lazy\" decoding=\"async\" class=\"alignleft wp-image-2775\" src=\"http:\/\/bcsilly.be\/wp-content\/uploads\/2018\/12\/MG_8203-1-150x150.jpg\" alt=\"\" width=\"150\" height=\"150\" srcset=\"https:\/\/bcsilly.be\/wp-content\/uploads\/2018\/12\/MG_8203-1-150x150.jpg 150w, https:\/\/bcsilly.be\/wp-content\/uploads\/2018\/12\/MG_8203-1-300x300.jpg 300w, https:\/\/bcsilly.be\/wp-content\/uploads\/2018\/12\/MG_8203-1-32x32.jpg 32w, https:\/\/bcsilly.be\/wp-content\/uploads\/2018\/12\/MG_8203-1-400x400.jpg 400w, https:\/\/bcsilly.be\/wp-content\/uploads\/2018\/12\/MG_8203-1.jpg 1600w\" sizes=\"auto, (max-width: 150px) 100vw, 150px\" \/><a href=\"http:\/\/bcsilly.be\/wp-content\/uploads\/2022\/09\/BC-Silly-Chrono24_v1_Xmind2611.pdf\" target=\"_blank\" rel=\"noopener\">B.C. Silly &#8211; Chrono 24 secondes (r\u00e9sum\u00e9)<\/a><br \/>\n<a href=\"http:\/\/bcsilly.be\/wp-content\/uploads\/2018\/10\/Formation-OTM-2018-2019-Chrono-24.pdf\" target=\"_blank\" rel=\"noopener noreferrer\">Formation OTM 2018-2019 Chrono 24 secondes<\/a><\/p>\n<p>&nbsp;<\/p>\n<h3><strong>mini-basket<\/strong><\/h3>\n<h5><strong><img loading=\"lazy\" decoding=\"async\" class=\"alignleft wp-image-2647\" src=\"http:\/\/bcsilly.be\/wp-content\/uploads\/2018\/12\/Logo-Mini-Basket-768x508-e1544999630995.jpg\" alt=\"\" width=\"150\" height=\"100\" srcset=\"https:\/\/bcsilly.be\/wp-content\/uploads\/2018\/12\/Logo-Mini-Basket-768x508-e1544999630995.jpg 134w, https:\/\/bcsilly.be\/wp-content\/uploads\/2018\/12\/Logo-Mini-Basket-768x508-e1544999630995-32x21.jpg 32w\" sizes=\"auto, (max-width: 150px) 100vw, 150px\" \/><\/strong><\/h5>\n<p><a href=\"https:\/\/baskethainaut.be\/wp-content\/uploads\/2020\/06\/Reglement_3c3.pdf\" target=\"_blank\" rel=\"noopener\">Mini-basket &#8211; Esprit 3c3<\/a><a href=\"https:\/\/baskethainaut.be\/wp-content\/uploads\/2020\/06\/Reglement_4c4.pdf\" target=\"_blank\" rel=\"noopener\"><br \/>\nMini-basket &#8211; Esprit 4c4<\/a><br \/>\n<a href=\"https:\/\/baskethainaut.be\/wp-content\/uploads\/2020\/06\/Reglement_5c5.pdf\" target=\"_blank\" rel=\"noopener\">Mini-basket &#8211; Esprit 5c5<\/a><br \/>\n<a href=\"https:\/\/baskethainaut.be\/wp-content\/uploads\/2020\/06\/R%C3%A9sum%C3%A9_Minibasket.pdf\" target=\"_blank\" rel=\"noopener\">R\u00e9sum\u00e9 des r\u00e8gles mini-basket<\/a><br \/>\n<a href=\"https:\/\/baskethainaut.be\/wp-content\/uploads\/2020\/06\/Carnet_Entraineur_Minibasket.pdf\" target=\"_blank\" rel=\"noopener\">Carnet de l&#8217;entra\u00eeneur<\/a><\/p>\n<h3><strong>Feuilles de rencontre mini-basket<\/strong><\/h3>\n<p><a href=\"https:\/\/bcsilly.be\/index.php\/2024\/10\/12\/les-u8-passent-a-la-feuille-de-match-electronique\/\" target=\"_blank\" rel=\"noopener\">Cliquez ici<\/a> pour en savoir plus sur le fonctionnement de la <strong>feuille \u00e9lectronique U8<\/strong>.<br \/>\nLa feuille U10 se fait encore sur papier. <strong>Cliquez sur la feuille ci-dessous<\/strong> pour la t\u00e9l\u00e9charger.<\/p>\n<p><strong>\u00a0 <\/strong><a href=\"https:\/\/baskethainaut.be\/wp-content\/uploads\/2020\/10\/FEUILLES-MINI-Basket-UNIFORMISEES-U10-28.09.2020.pdf\" target=\"_blank\" rel=\"noopener noreferrer\"><img loading=\"lazy\" decoding=\"async\" class=\"alignleft wp-image-5733\" src=\"http:\/\/bcsilly.be\/wp-content\/uploads\/2020\/09\/Feuille-de-rencontre-4c4_Nouveau-211x300.jpg\" alt=\"\" width=\"300\" height=\"426\" srcset=\"https:\/\/bcsilly.be\/wp-content\/uploads\/2020\/09\/Feuille-de-rencontre-4c4_Nouveau-211x300.jpg 211w, https:\/\/bcsilly.be\/wp-content\/uploads\/2020\/09\/Feuille-de-rencontre-4c4_Nouveau-23x32.jpg 23w, https:\/\/bcsilly.be\/wp-content\/uploads\/2020\/09\/Feuille-de-rencontre-4c4_Nouveau-281x400.jpg 281w, https:\/\/bcsilly.be\/wp-content\/uploads\/2020\/09\/Feuille-de-rencontre-4c4_Nouveau.jpg 522w\" sizes=\"auto, (max-width: 300px) 100vw, 300px\" \/><\/a><\/p>\n","protected":false},"excerpt":{"rendered":"<p>T\u00e9l\u00e9chargez les documents utiles Retrouvez ci-dessous les documents d&#8217;inscription au B.C. Silly, les documents \u00e0 remplir en cas d&#8217;accident, les explications pour faire la feuille de match et le chrono, les r\u00e8glements en vigueur et les feuilles de rencontre mini-basket. Documents d&#8217;inscription Renseignements pratiques 2025-2026 Demande d&#8217;inscription nouveau joueur 2025-2026 Certificat m\u00e9dical 2025-2026 Charte du [&hellip;]<\/p>\n","protected":false},"author":1,"featured_media":0,"parent":0,"menu_order":0,"comment_status":"closed","ping_status":"closed","template":"","meta":{"_monsterinsights_skip_tracking":false,"_monsterinsights_sitenote_active":false,"_monsterinsights_sitenote_note":"","_monsterinsights_sitenote_category":0,"iawp_total_views":87,"footnotes":""},"class_list":["post-989","page","type-page","status-publish","hentry"],"aioseo_notices":[],"amp_enabled":true,"_links":{"self":[{"href":"https:\/\/bcsilly.be\/index.php\/wp-json\/wp\/v2\/pages\/989","targetHints":{"allow":["GET"]}}],"collection":[{"href":"https:\/\/bcsilly.be\/index.php\/wp-json\/wp\/v2\/pages"}],"about":[{"href":"https:\/\/bcsilly.be\/index.php\/wp-json\/wp\/v2\/types\/page"}],"author":[{"embeddable":true,"href":"https:\/\/bcsilly.be\/index.php\/wp-json\/wp\/v2\/users\/1"}],"replies":[{"embeddable":true,"href":"https:\/\/bcsilly.be\/index.php\/wp-json\/wp\/v2\/comments?post=989"}],"version-history":[{"count":80,"href":"https:\/\/bcsilly.be\/index.php\/wp-json\/wp\/v2\/pages\/989\/revisions"}],"predecessor-version":[{"id":13803,"href":"https:\/\/bcsilly.be\/index.php\/wp-json\/wp\/v2\/pages\/989\/revisions\/13803"}],"wp:attachment":[{"href":"https:\/\/bcsilly.be\/index.php\/wp-json\/wp\/v2\/media?parent=989"}],"curies":[{"name":"wp","href":"https:\/\/api.w.org\/{rel}","templated":true}]}}