{"id":92,"date":"2018-09-20T19:40:57","date_gmt":"2018-09-20T17:40:57","guid":{"rendered":"http:\/\/ferretti.info\/bcsilly\/?page_id=92"},"modified":"2026-03-18T21:03:03","modified_gmt":"2026-03-18T20:03:03","slug":"comite","status":"publish","type":"page","link":"https:\/\/bcsilly.be\/index.php\/comite\/","title":{"rendered":"Comit\u00e9"},"content":{"rendered":"<p>Les membres du comit\u00e9 se consacrent \u00e0 <strong>la gestion journali\u00e8re du B.C. Silly<\/strong>, en collaboration avec les coachs, parents-relais et autres b\u00e9n\u00e9voles. D\u00e9couvrez-en plus sur eux.<\/p>\n<p><div class=\"sportspress\">    <h3 class=\"sp-staff-name\"><strong class=\"sp-staff-role\">Pr\u00e9sident<\/strong> Caille Laurent<\/h3>\n  \t<div class=\"sp-template sp-template-staff-photo sp-template-photo sp-staff-photo\">\n\t\t<img loading=\"lazy\" decoding=\"async\" width=\"128\" height=\"128\" src=\"https:\/\/bcsilly.be\/wp-content\/uploads\/2023\/04\/U16_0171-scaled.jpg\" class=\"attachment-sportspress-fit-icon size-sportspress-fit-icon wp-post-image\" alt=\"\" srcset=\"https:\/\/bcsilly.be\/wp-content\/uploads\/2023\/04\/U16_0171-scaled.jpg 1600w, https:\/\/bcsilly.be\/wp-content\/uploads\/2023\/04\/U16_0171-150x150.jpg 150w, https:\/\/bcsilly.be\/wp-content\/uploads\/2023\/04\/U16_0171-300x300.jpg 300w, https:\/\/bcsilly.be\/wp-content\/uploads\/2023\/04\/U16_0171-32x32.jpg 32w\" sizes=\"auto, (max-width: 128px) 100vw, 128px\" \/>\t<\/div>\n\t    <div class=\"sp-post-content\">\n      <p>Laurent est arriv\u00e9 au B.C. Silly en tant que joueur dans l\u2019\u00e9quipe P4. Lorsque le club a lanc\u00e9 sa premi\u00e8re \u00e9quipe U10, il a accept\u00e9 d\u2019entra\u00eener cette nouvelle \u00e9quipe de jeunes dont ses enfants faisaient partie. Il a alors suivi la formation d\u2019entra\u00eeneur en mini-basket et fait \u00e9voluer nos Poussins et Benjamins pendant plusieurs ann\u00e9es. Il a par la suite coach\u00e9 les U12, U16 et U18. Laurent est un passionn\u00e9 de basket et s\u2019investit beaucoup dans le club o\u00f9 il a plusieurs casquettes : coach, joueur, papa et membre du comit\u00e9. Grand fid\u00e8le du club, Laurent a d\u00e9cid\u00e9 de prendre la pr\u00e9sidence pour continuer \u00e0 faire progresser le B.C. Silly.<\/p>\n    <\/div>\n  <\/div><div class=\"sportspress\">    <h3 class=\"sp-staff-name\"><strong class=\"sp-staff-role\">Vice-pr\u00e9sident<\/strong> Kevin Deceuleneer<\/h3>\n      <div class=\"sp-post-content\">\n      <p>Kevin a \u00e9volu\u00e9 comme joueur \u00e0 la JSE Enghien jusqu\u2019en P4 avant de rejoindre le BC Silly, o\u00f9 il joue actuellement en \u00e9quipe loisir. Anim\u00e9 par l\u2019envie de transmettre sa passion et son exp\u00e9rience aux plus jeunes, il s&#8217;est \u00e9galement lanc\u00e9 dans le coaching. Kevin a des comp\u00e9tences en gestion d\u2019\u00e9quipe, en organisation et en accompagnement &#8211; autant d\u2019atouts qu\u2019il met au service du club. S\u00e9rieux, structur\u00e9 et \u00e0 l\u2019\u00e9coute, il a repris la vice-pr\u00e9sidence du BC Silly.<\/p>\n    <\/div>\n  <\/div><div class=\"sportspress\">    <h3 class=\"sp-staff-name\"><strong class=\"sp-staff-role\">Secr\u00e9taire<\/strong> Devos St\u00e9phanie<\/h3>\n  \t<div class=\"sp-template sp-template-staff-photo sp-template-photo sp-staff-photo\">\n\t\t<img loading=\"lazy\" decoding=\"async\" width=\"128\" height=\"128\" src=\"https:\/\/bcsilly.be\/wp-content\/uploads\/2023\/10\/COMITE_Devos-Stephanie_2.jpg\" class=\"attachment-sportspress-fit-icon size-sportspress-fit-icon wp-post-image\" alt=\"\" srcset=\"https:\/\/bcsilly.be\/wp-content\/uploads\/2023\/10\/COMITE_Devos-Stephanie_2.jpg 2048w, https:\/\/bcsilly.be\/wp-content\/uploads\/2023\/10\/COMITE_Devos-Stephanie_2-150x150.jpg 150w, https:\/\/bcsilly.be\/wp-content\/uploads\/2023\/10\/COMITE_Devos-Stephanie_2-300x300.jpg 300w, https:\/\/bcsilly.be\/wp-content\/uploads\/2023\/10\/COMITE_Devos-Stephanie_2-32x32.jpg 32w\" sizes=\"auto, (max-width: 128px) 100vw, 128px\" \/>\t<\/div>\n\t    <div class=\"sp-post-content\">\n      <p>Tout comme sa fille, joueuse au B.C. Silly depuis quelques ann\u00e9es, St\u00e9phanie a pris go\u00fbt au basket et a d\u00e9cid\u00e9 de s&#8217;impliquer pleinement dans le club. Inscriptions, administration, calendrier des matchs, contacts avec les membres et la f\u00e9d\u00e9ration, communication, r\u00e9seaux sociaux\u2026 St\u00e9phanie est sur tous les terrains, mais aussi dans les gradins pour encourager sa fille pendant les matchs ! Une secr\u00e9taire hors pair qui sait aussi mettre l&#8217;ambiance \ud83d\ude09<\/p>\n    <\/div>\n  <\/div><div class=\"sportspress\">    <h3 class=\"sp-staff-name\"><strong class=\"sp-staff-role\">Tr\u00e9sorier<\/strong> - Op de Beeck St\u00e9phanie<\/h3>\n  \t<div class=\"sp-template sp-template-staff-photo sp-template-photo sp-staff-photo\">\n\t\t<img loading=\"lazy\" decoding=\"async\" width=\"128\" height=\"128\" src=\"https:\/\/bcsilly.be\/wp-content\/uploads\/2023\/08\/PR-U6-U8_Op-de-Beeck-Stephanie.jpg\" class=\"attachment-sportspress-fit-icon size-sportspress-fit-icon wp-post-image\" alt=\"\" srcset=\"https:\/\/bcsilly.be\/wp-content\/uploads\/2023\/08\/PR-U6-U8_Op-de-Beeck-Stephanie.jpg 2048w, https:\/\/bcsilly.be\/wp-content\/uploads\/2023\/08\/PR-U6-U8_Op-de-Beeck-Stephanie-150x150.jpg 150w, https:\/\/bcsilly.be\/wp-content\/uploads\/2023\/08\/PR-U6-U8_Op-de-Beeck-Stephanie-300x300.jpg 300w, https:\/\/bcsilly.be\/wp-content\/uploads\/2023\/08\/PR-U6-U8_Op-de-Beeck-Stephanie-32x32.jpg 32w\" sizes=\"auto, (max-width: 128px) 100vw, 128px\" \/>\t<\/div>\n\t    <div class=\"sp-post-content\">\n      <p>St\u00e9phanie est la maman de Martin qui a int\u00e9gr\u00e9 le B.C. Silly en U8 en 2022. Et elle a rapidement appr\u00e9ci\u00e9 l&#8217;ambiance du club. Toujours pr\u00eate \u00e0 aider, elle s&#8217;est naturellement investie, d&#8217;abord en tant que parent-relais et aujourd&#8217;hui en tant que tr\u00e9sori\u00e8re. Gr\u00e2ce \u00e0 son go\u00fbt pour l&#8217;organisation et la gestion administrative, elle est motiv\u00e9e et son objectif est de maintenir la p\u00e9rennit\u00e9 du club !<\/p>\n    <\/div>\n  <\/div><div class=\"sportspress\">    <h3 class=\"sp-staff-name\"><strong class=\"sp-staff-role\">Membre<\/strong> Ruisi Carmelina<\/h3>\n  \t<div class=\"sp-template sp-template-staff-photo sp-template-photo sp-staff-photo\">\n\t\t<img loading=\"lazy\" decoding=\"async\" width=\"128\" height=\"128\" src=\"https:\/\/bcsilly.be\/wp-content\/uploads\/2022\/08\/COMITE_Ruisi-Carmelina.jpg\" class=\"attachment-sportspress-fit-icon size-sportspress-fit-icon wp-post-image\" alt=\"\" srcset=\"https:\/\/bcsilly.be\/wp-content\/uploads\/2022\/08\/COMITE_Ruisi-Carmelina.jpg 2048w, https:\/\/bcsilly.be\/wp-content\/uploads\/2022\/08\/COMITE_Ruisi-Carmelina-150x150.jpg 150w, https:\/\/bcsilly.be\/wp-content\/uploads\/2022\/08\/COMITE_Ruisi-Carmelina-300x300.jpg 300w, https:\/\/bcsilly.be\/wp-content\/uploads\/2022\/08\/COMITE_Ruisi-Carmelina-32x32.jpg 32w\" sizes=\"auto, (max-width: 128px) 100vw, 128px\" \/>\t<\/div>\n\t    <div class=\"sp-post-content\">\n      <p>Carmelina est une ancienne joueuse de basket et une sportive qui prend soin de sa sant\u00e9. Elle a fait la connaissance du B.C. Silly lorsque son fils a rejoint le club il y a quelques ann\u00e9es. Alors quand le club a d\u00e9cid\u00e9 de lancer une \u00e9quipe de dames, elle n&#8217;a pas h\u00e9sit\u00e9 un instant pour remonter sur le terrain. Depuis lors, elle apporte \u00e9galement son aide au sein du comit\u00e9. Et Carmelina est un peu devenue notre \u00ab Madame sponsors \u00bb&#8230; Tout au long de l&#8217;ann\u00e9e, elle se d\u00e9m\u00e8ne pour trouver des soutiens financiers pour notre club.<\/p>\n    <\/div>\n  <\/div><div class=\"sportspress\">    <h3 class=\"sp-staff-name\"><strong class=\"sp-staff-role\">Membre<\/strong> Conreur L\u00e9a<\/h3>\n  \t<div class=\"sp-template sp-template-staff-photo sp-template-photo sp-staff-photo\">\n\t\t<img loading=\"lazy\" decoding=\"async\" width=\"128\" height=\"128\" src=\"https:\/\/bcsilly.be\/wp-content\/uploads\/2022\/08\/P2_0093.jpg\" class=\"attachment-sportspress-fit-icon size-sportspress-fit-icon wp-post-image\" alt=\"\" srcset=\"https:\/\/bcsilly.be\/wp-content\/uploads\/2022\/08\/P2_0093.jpg 1024w, https:\/\/bcsilly.be\/wp-content\/uploads\/2022\/08\/P2_0093-150x150.jpg 150w, https:\/\/bcsilly.be\/wp-content\/uploads\/2022\/08\/P2_0093-300x300.jpg 300w, https:\/\/bcsilly.be\/wp-content\/uploads\/2022\/08\/P2_0093-32x32.jpg 32w\" sizes=\"auto, (max-width: 128px) 100vw, 128px\" \/>\t<\/div>\n\t    <div class=\"sp-post-content\">\n      <p>L\u00e9a a commenc\u00e9 le basket peu apr\u00e8s la cr\u00e9ation du B.C. Silly et ne l\u2019a pour ainsi dire plus quitt\u00e9. Aujourd\u2019hui joueuse en P2 Dames, elle a eu envie de s\u2019impliquer encore un peu plus dans la vie de son club de c\u0153ur. En plus de son engagement sur le terrain, L\u00e9a est \u00e9galement pass\u00e9e par la case coach, apportant son expertise et son enthousiasme pour encadrer les jeunes talents. Elle contribue aussi activement \u00e0 la communication du B.C. Silly et reste disponible aupr\u00e8s des membres pour toute question ou besoin. Et si vous avez une question concernant SportEasy, c&#8217;est naturellement vers L\u00e9a que vous devez vous tourner.<\/p>\n    <\/div>\n  <\/div><\/p>\n","protected":false},"excerpt":{"rendered":"<p>Les membres du comit\u00e9 se consacrent \u00e0 la gestion journali\u00e8re du B.C. Silly, en collaboration avec les coachs, parents-relais et autres b\u00e9n\u00e9voles. D\u00e9couvrez-en plus sur eux.<\/p>\n","protected":false},"author":1,"featured_media":0,"parent":0,"menu_order":0,"comment_status":"closed","ping_status":"closed","template":"template-fullwidth.php","meta":{"_monsterinsights_skip_tracking":false,"_monsterinsights_sitenote_active":false,"_monsterinsights_sitenote_note":"","_monsterinsights_sitenote_category":0,"iawp_total_views":116,"footnotes":""},"class_list":["post-92","page","type-page","status-publish","hentry"],"aioseo_notices":[],"amp_enabled":false,"_links":{"self":[{"href":"https:\/\/bcsilly.be\/index.php\/wp-json\/wp\/v2\/pages\/92","targetHints":{"allow":["GET"]}}],"collection":[{"href":"https:\/\/bcsilly.be\/index.php\/wp-json\/wp\/v2\/pages"}],"about":[{"href":"https:\/\/bcsilly.be\/index.php\/wp-json\/wp\/v2\/types\/page"}],"author":[{"embeddable":true,"href":"https:\/\/bcsilly.be\/index.php\/wp-json\/wp\/v2\/users\/1"}],"replies":[{"embeddable":true,"href":"https:\/\/bcsilly.be\/index.php\/wp-json\/wp\/v2\/comments?post=92"}],"version-history":[{"count":32,"href":"https:\/\/bcsilly.be\/index.php\/wp-json\/wp\/v2\/pages\/92\/revisions"}],"predecessor-version":[{"id":13817,"href":"https:\/\/bcsilly.be\/index.php\/wp-json\/wp\/v2\/pages\/92\/revisions\/13817"}],"wp:attachment":[{"href":"https:\/\/bcsilly.be\/index.php\/wp-json\/wp\/v2\/media?parent=92"}],"curies":[{"name":"wp","href":"https:\/\/api.w.org\/{rel}","templated":true}]}}