{"id":8040,"date":"2023-04-06T11:05:49","date_gmt":"2023-04-06T09:05:49","guid":{"rendered":"https:\/\/bcsilly.be\/?page_id=8040"},"modified":"2023-04-20T22:12:41","modified_gmt":"2023-04-20T20:12:41","slug":"notre-mascotte-basile","status":"publish","type":"page","link":"https:\/\/bcsilly.be\/index.php\/notre-mascotte-basile\/","title":{"rendered":"Mascotte Basile"},"content":{"rendered":"<h2><strong>Le B.C. Silly vous pr\u00e9sente Basile !<\/strong><\/h2>\n<p>C&#8217;est lors de notre repas annuel du 4 f\u00e9vrier dernier que Basile a cr\u00e9\u00e9 la surprise ! La nouvelle mascotte du B.C. Silly s&#8217;est pr\u00e9sent\u00e9e officiellement \u00e0 tous les membres. <strong>Pourquoi \u00ab Basile \u00bb ?<\/strong> Facile ! Pensez \u00e0 la combinaison de \u00ab Basket \u00bb et \u00ab Bassilly \u00bb. Basile animera autant que possible nos matchs \u00e0 domicile. Mais qui se cache dans ce costume ? C&#8217;est notre petit secret \ud83d\ude42<\/p>\n<p><a href=\"http:\/\/bcsilly.be\/wp-content\/uploads\/2023\/03\/Mascotte-Basile_2-scaled.jpg\"><img loading=\"lazy\" decoding=\"async\" class=\"alignnone wp-image-7467\" src=\"http:\/\/bcsilly.be\/wp-content\/uploads\/2023\/03\/Mascotte-Basile_2-scaled.jpg\" alt=\"\" width=\"270\" height=\"350\" srcset=\"https:\/\/bcsilly.be\/wp-content\/uploads\/2023\/03\/Mascotte-Basile_2-scaled.jpg 1235w, https:\/\/bcsilly.be\/wp-content\/uploads\/2023\/03\/Mascotte-Basile_2-232x300.jpg 232w, https:\/\/bcsilly.be\/wp-content\/uploads\/2023\/03\/Mascotte-Basile_2-25x32.jpg 25w\" sizes=\"auto, (max-width: 270px) 100vw, 270px\" \/><\/a> <a href=\"http:\/\/bcsilly.be\/wp-content\/uploads\/2023\/03\/Mascotte-Basile_3-scaled.jpg\"><img loading=\"lazy\" decoding=\"async\" class=\"alignnone wp-image-7468\" src=\"http:\/\/bcsilly.be\/wp-content\/uploads\/2023\/03\/Mascotte-Basile_3-scaled.jpg\" alt=\"\" width=\"229\" height=\"350\" srcset=\"https:\/\/bcsilly.be\/wp-content\/uploads\/2023\/03\/Mascotte-Basile_3-scaled.jpg 1045w, https:\/\/bcsilly.be\/wp-content\/uploads\/2023\/03\/Mascotte-Basile_3-196x300.jpg 196w, https:\/\/bcsilly.be\/wp-content\/uploads\/2023\/03\/Mascotte-Basile_3-21x32.jpg 21w\" sizes=\"auto, (max-width: 229px) 100vw, 229px\" \/><\/a><\/p>\n","protected":false},"excerpt":{"rendered":"<p>Le B.C. Silly vous pr\u00e9sente Basile ! C&#8217;est lors de notre repas annuel du 4 f\u00e9vrier dernier que Basile a cr\u00e9\u00e9 la surprise ! La nouvelle mascotte du B.C. Silly s&#8217;est pr\u00e9sent\u00e9e officiellement \u00e0 tous les membres. Pourquoi \u00ab Basile \u00bb ? Facile ! Pensez \u00e0 la combinaison de \u00ab Basket \u00bb et \u00ab Bassilly [&hellip;]<\/p>\n","protected":false},"author":2,"featured_media":7793,"parent":0,"menu_order":0,"comment_status":"closed","ping_status":"closed","template":"","meta":{"_monsterinsights_skip_tracking":false,"_monsterinsights_sitenote_active":false,"_monsterinsights_sitenote_note":"","_monsterinsights_sitenote_category":0,"iawp_total_views":34,"footnotes":""},"class_list":["post-8040","page","type-page","status-publish","has-post-thumbnail","hentry"],"aioseo_notices":[],"amp_enabled":true,"_links":{"self":[{"href":"https:\/\/bcsilly.be\/index.php\/wp-json\/wp\/v2\/pages\/8040","targetHints":{"allow":["GET"]}}],"collection":[{"href":"https:\/\/bcsilly.be\/index.php\/wp-json\/wp\/v2\/pages"}],"about":[{"href":"https:\/\/bcsilly.be\/index.php\/wp-json\/wp\/v2\/types\/page"}],"author":[{"embeddable":true,"href":"https:\/\/bcsilly.be\/index.php\/wp-json\/wp\/v2\/users\/2"}],"replies":[{"embeddable":true,"href":"https:\/\/bcsilly.be\/index.php\/wp-json\/wp\/v2\/comments?post=8040"}],"version-history":[{"count":9,"href":"https:\/\/bcsilly.be\/index.php\/wp-json\/wp\/v2\/pages\/8040\/revisions"}],"predecessor-version":[{"id":8463,"href":"https:\/\/bcsilly.be\/index.php\/wp-json\/wp\/v2\/pages\/8040\/revisions\/8463"}],"wp:featuredmedia":[{"embeddable":true,"href":"https:\/\/bcsilly.be\/index.php\/wp-json\/wp\/v2\/media\/7793"}],"wp:attachment":[{"href":"https:\/\/bcsilly.be\/index.php\/wp-json\/wp\/v2\/media?parent=8040"}],"curies":[{"name":"wp","href":"https:\/\/api.w.org\/{rel}","templated":true}]}}