{"id":7846,"date":"2023-03-27T18:36:00","date_gmt":"2023-03-27T16:36:00","guid":{"rendered":"https:\/\/bcsilly.be\/?page_id=7846"},"modified":"2025-12-30T11:07:52","modified_gmt":"2025-12-30T10:07:52","slug":"arbitres","status":"publish","type":"page","link":"https:\/\/bcsilly.be\/index.php\/arbitres\/","title":{"rendered":"Arbitres"},"content":{"rendered":"<h2><strong>Qui sont les ARBITRES du B.C. Silly ?<\/strong><\/h2>\n<p>Chaque saison, nous recherchons de nouveaux arbitres dans notre club. La Commission de Formation des Arbitres Hainaut organise r\u00e9guli\u00e8rement des<strong> formations de Candidat-Arbitre Provincial.<\/strong><\/p>\n<p>Les conditions pour s&#8217;inscrire \u00e0 la formation sont : avoir <strong>au moins 14 ans<\/strong> (ou les avoir dans l&#8217;ann\u00e9e de la formation) et \u00eatre <strong>affili\u00e9 au B.C. Silly<\/strong>. Les formations sont communiqu\u00e9es r\u00e9guli\u00e8rement sur notre site et sur le site de <a href=\"https:\/\/baskethainaut.be\/arbitrage\/deviens-arbitre\/\" target=\"_blank\" rel=\"noopener\">Basket Hainaut<\/a>.<\/p>\n<p>Tu peux \u00e9galement consulter le site <a href=\"https:\/\/baskethainaut.be\/arbitrage\/deviens-arbitre\/\" target=\"_blank\" rel=\"noopener noreferrer\">deviensarbitre.cfahainaut.be<\/a> pour en savoir plus sur l&#8217;arbitrage.<\/p>\n<p><strong>Pourquoi suivre une formation d&#8217;arbitre ? 6 bonnes raisons :<\/strong><\/p>\n<ol>\n<li style=\"list-style-type: none;\">\n<ol>\n<li>Tu d\u00e9couvres d&#8217;autres facettes du basket et tu apprends toutes les r\u00e8gles dans une ambiance sympa.<\/li>\n<li>La formation ne t&#8217;engage \u00e0 rien, \u00e0 toi de d\u00e9cider si tu continues ou pas par la suite.<\/li>\n<li>Tu peux te former en douceur en arbitrant les matchs de mini-basket au B.C. Silly. Ensuite, tu es toujours accompagn\u00e9(e) par un arbitre exp\u00e9riment\u00e9 qui t&#8217;apprend le m\u00e9tier.<\/li>\n<li>Sans arbitre, il n&#8217;y a pas de match. Et les arbitres se font de plus en plus rares.<\/li>\n<li>\u00catre arbitre, \u00e7a forge le caract\u00e8re ! La preuve dans <a href=\"https:\/\/youtu.be\/zw7cMESA0xk\" target=\"_blank\" rel=\"noopener noreferrer\">cette vid\u00e9o<\/a><\/li>\n<li>Et en plus, tu gagnes de l&#8217;argent de poche\ud83d\ude09<\/li>\n<\/ol>\n<\/li>\n<\/ol>\n<div class=\"sportspress\">    <h3 class=\"sp-staff-name\"><strong class=\"sp-staff-role\">Arbitre<\/strong> Defran\u00e7ois Romain<\/h3>\n  \t<div class=\"sp-template sp-template-staff-photo sp-template-photo sp-staff-photo\">\n\t\t<img loading=\"lazy\" decoding=\"async\" width=\"128\" height=\"128\" src=\"https:\/\/bcsilly.be\/wp-content\/uploads\/2020\/05\/ARBITRE_Defrancois-Romain.jpg\" class=\"attachment-sportspress-fit-icon size-sportspress-fit-icon wp-post-image\" alt=\"\" srcset=\"https:\/\/bcsilly.be\/wp-content\/uploads\/2020\/05\/ARBITRE_Defrancois-Romain.jpg 2048w, https:\/\/bcsilly.be\/wp-content\/uploads\/2020\/05\/ARBITRE_Defrancois-Romain-150x150.jpg 150w, https:\/\/bcsilly.be\/wp-content\/uploads\/2020\/05\/ARBITRE_Defrancois-Romain-300x300.jpg 300w, https:\/\/bcsilly.be\/wp-content\/uploads\/2020\/05\/ARBITRE_Defrancois-Romain-32x32.jpg 32w\" sizes=\"auto, (max-width: 128px) 100vw, 128px\" \/>\t<\/div>\n\t<\/div>\n<div class=\"sportspress\">    <h3 class=\"sp-staff-name\"><strong class=\"sp-staff-role\">Arbitre<\/strong> Conreur Laurent<\/h3>\n  <\/div>\n<div class=\"sportspress\">    <h3 class=\"sp-staff-name\"><strong class=\"sp-staff-role\">Arbitre<\/strong> Delaite Olivier<\/h3>\n  <\/div>\n<div class=\"sportspress\">    <h3 class=\"sp-staff-name\"><strong class=\"sp-staff-role\">Arbitre<\/strong> Duquennoy Mathieu<\/h3>\n  <\/div>\n","protected":false},"excerpt":{"rendered":"<p>Qui sont les ARBITRES du B.C. Silly ? Chaque saison, nous recherchons de nouveaux arbitres dans notre club. La Commission de Formation des Arbitres Hainaut organise r\u00e9guli\u00e8rement des formations de Candidat-Arbitre Provincial. Les conditions pour s&#8217;inscrire \u00e0 la formation sont : avoir au moins 14 ans (ou les avoir dans l&#8217;ann\u00e9e de la formation) et [&hellip;]<\/p>\n","protected":false},"author":2,"featured_media":1795,"parent":0,"menu_order":0,"comment_status":"closed","ping_status":"closed","template":"","meta":{"_monsterinsights_skip_tracking":false,"_monsterinsights_sitenote_active":false,"_monsterinsights_sitenote_note":"","_monsterinsights_sitenote_category":0,"iawp_total_views":38,"footnotes":""},"class_list":["post-7846","page","type-page","status-publish","has-post-thumbnail","hentry"],"aioseo_notices":[],"amp_enabled":true,"_links":{"self":[{"href":"https:\/\/bcsilly.be\/index.php\/wp-json\/wp\/v2\/pages\/7846","targetHints":{"allow":["GET"]}}],"collection":[{"href":"https:\/\/bcsilly.be\/index.php\/wp-json\/wp\/v2\/pages"}],"about":[{"href":"https:\/\/bcsilly.be\/index.php\/wp-json\/wp\/v2\/types\/page"}],"author":[{"embeddable":true,"href":"https:\/\/bcsilly.be\/index.php\/wp-json\/wp\/v2\/users\/2"}],"replies":[{"embeddable":true,"href":"https:\/\/bcsilly.be\/index.php\/wp-json\/wp\/v2\/comments?post=7846"}],"version-history":[{"count":23,"href":"https:\/\/bcsilly.be\/index.php\/wp-json\/wp\/v2\/pages\/7846\/revisions"}],"predecessor-version":[{"id":13789,"href":"https:\/\/bcsilly.be\/index.php\/wp-json\/wp\/v2\/pages\/7846\/revisions\/13789"}],"wp:featuredmedia":[{"embeddable":true,"href":"https:\/\/bcsilly.be\/index.php\/wp-json\/wp\/v2\/media\/1795"}],"wp:attachment":[{"href":"https:\/\/bcsilly.be\/index.php\/wp-json\/wp\/v2\/media?parent=7846"}],"curies":[{"name":"wp","href":"https:\/\/api.w.org\/{rel}","templated":true}]}}