{"id":7475,"date":"2023-03-03T11:39:20","date_gmt":"2023-03-03T10:39:20","guid":{"rendered":"https:\/\/bcsilly.be\/?page_id=7475"},"modified":"2026-01-12T21:57:54","modified_gmt":"2026-01-12T20:57:54","slug":"calendrier-des-activites-du-club","status":"publish","type":"page","link":"https:\/\/bcsilly.be\/index.php\/calendrier-des-activites-du-club\/","title":{"rendered":"Calendrier des activit\u00e9s"},"content":{"rendered":"<h2><strong>\u00c0 vos agendas !<\/strong><\/h2>\n<p>Retrouvez sur cette page<strong> les dates importantes pour le B.C. Silly <\/strong>: tournois, stages, repas annuel et bien d&#8217;autres activit\u00e9s.<\/p>\n<p><img loading=\"lazy\" decoding=\"async\" class=\"wp-image-13793 alignleft\" src=\"http:\/\/bcsilly.be\/wp-content\/uploads\/2026\/01\/2025_02_Affiche-Stage-Carnaval.jpg\" alt=\"\" width=\"151\" height=\"189\" srcset=\"https:\/\/bcsilly.be\/wp-content\/uploads\/2026\/01\/2025_02_Affiche-Stage-Carnaval.jpg 1080w, https:\/\/bcsilly.be\/wp-content\/uploads\/2026\/01\/2025_02_Affiche-Stage-Carnaval-240x300.jpg 240w, https:\/\/bcsilly.be\/wp-content\/uploads\/2026\/01\/2025_02_Affiche-Stage-Carnaval-26x32.jpg 26w\" sizes=\"auto, (max-width: 151px) 100vw, 151px\" \/><\/p>\n<p><strong><br \/>\nStage d&#8217;hiver<br \/>\ndu lundi 23 au vendredi 27 f\u00e9vrier 2026 \u00e0 SillySports<\/strong><\/p>\n<p><a href=\"https:\/\/bcsilly.be\/index.php\/2026\/01\/12\/stage-dhiver-du-23-au-27-fevrier-2026\/\" target=\"_blank\" rel=\"noopener\"><img loading=\"lazy\" decoding=\"async\" class=\"alignnone wp-image-11366\" src=\"http:\/\/bcsilly.be\/wp-content\/uploads\/2024\/03\/Button-plus-dinfo_2.png\" alt=\"\" width=\"150\" height=\"40\" srcset=\"https:\/\/bcsilly.be\/wp-content\/uploads\/2024\/03\/Button-plus-dinfo_2.png 268w, https:\/\/bcsilly.be\/wp-content\/uploads\/2024\/03\/Button-plus-dinfo_2-32x9.png 32w\" sizes=\"auto, (max-width: 150px) 100vw, 150px\" \/><\/a><\/p>\n<p>&nbsp;<\/p>\n","protected":false},"excerpt":{"rendered":"<p>\u00c0 vos agendas ! Retrouvez sur cette page les dates importantes pour le B.C. Silly : tournois, stages, repas annuel et bien d&#8217;autres activit\u00e9s. Stage d&#8217;hiver du lundi 23 au vendredi 27 f\u00e9vrier 2026 \u00e0 SillySports &nbsp;<\/p>\n","protected":false},"author":2,"featured_media":3584,"parent":0,"menu_order":0,"comment_status":"closed","ping_status":"closed","template":"","meta":{"_monsterinsights_skip_tracking":false,"_monsterinsights_sitenote_active":false,"_monsterinsights_sitenote_note":"","_monsterinsights_sitenote_category":0,"iawp_total_views":56,"footnotes":""},"class_list":["post-7475","page","type-page","status-publish","has-post-thumbnail","hentry"],"aioseo_notices":[],"amp_enabled":true,"_links":{"self":[{"href":"https:\/\/bcsilly.be\/index.php\/wp-json\/wp\/v2\/pages\/7475","targetHints":{"allow":["GET"]}}],"collection":[{"href":"https:\/\/bcsilly.be\/index.php\/wp-json\/wp\/v2\/pages"}],"about":[{"href":"https:\/\/bcsilly.be\/index.php\/wp-json\/wp\/v2\/types\/page"}],"author":[{"embeddable":true,"href":"https:\/\/bcsilly.be\/index.php\/wp-json\/wp\/v2\/users\/2"}],"replies":[{"embeddable":true,"href":"https:\/\/bcsilly.be\/index.php\/wp-json\/wp\/v2\/comments?post=7475"}],"version-history":[{"count":181,"href":"https:\/\/bcsilly.be\/index.php\/wp-json\/wp\/v2\/pages\/7475\/revisions"}],"predecessor-version":[{"id":13801,"href":"https:\/\/bcsilly.be\/index.php\/wp-json\/wp\/v2\/pages\/7475\/revisions\/13801"}],"wp:featuredmedia":[{"embeddable":true,"href":"https:\/\/bcsilly.be\/index.php\/wp-json\/wp\/v2\/media\/3584"}],"wp:attachment":[{"href":"https:\/\/bcsilly.be\/index.php\/wp-json\/wp\/v2\/media?parent=7475"}],"curies":[{"name":"wp","href":"https:\/\/api.w.org\/{rel}","templated":true}]}}