{"id":536,"date":"2018-09-24T07:04:37","date_gmt":"2018-09-24T05:04:37","guid":{"rendered":"http:\/\/ferretti.info\/bcsilly\/?page_id=536"},"modified":"2025-07-21T15:05:39","modified_gmt":"2025-07-21T13:05:39","slug":"bienvenue-basket-silly","status":"publish","type":"page","link":"https:\/\/bcsilly.be\/index.php\/bienvenue-basket-silly\/","title":{"rendered":"Message de bienvenue"},"content":{"rendered":"<div id=\"wp-sponsors\" class=\"clearfix slider wp-sponsors full vertical-center\" data-slick=\"{&quot;adaptiveHeight&quot;:false,&quot;autoplay&quot;:true,&quot;autoplaySpeed&quot;:&quot;1000&quot;,&quot;arrows&quot;:false,&quot;centerMode&quot;:true,&quot;dots&quot;:false,&quot;infinite&quot;:true,&quot;slidesToShow&quot;:5,&quot;slidesToScroll&quot;:1,&quot;variablewidth&quot;:true}\"><div class=\"sponsor-item medium large\"><img loading=\"lazy\" decoding=\"async\" width=\"128\" height=\"51\" src=\"https:\/\/bcsilly.be\/wp-content\/uploads\/2023\/09\/Logo-Containers_coupe.jpeg\" class=\"attachment-sportspress-fit-icon size-sportspress-fit-icon wp-post-image\" alt=\"\" srcset=\"https:\/\/bcsilly.be\/wp-content\/uploads\/2023\/09\/Logo-Containers_coupe.jpeg 1975w, https:\/\/bcsilly.be\/wp-content\/uploads\/2023\/09\/Logo-Containers_coupe-300x120.jpeg 300w, https:\/\/bcsilly.be\/wp-content\/uploads\/2023\/09\/Logo-Containers_coupe-32x13.jpeg 32w\" sizes=\"auto, (max-width: 128px) 100vw, 128px\" \/><\/div><div class=\"sponsor-item medium large\"><a href=https:\/\/www.facebook.com\/laperrytif\/?locale=fr_FR  rel=\"nofollow\"><img loading=\"lazy\" decoding=\"async\" width=\"128\" height=\"66\" src=\"https:\/\/bcsilly.be\/wp-content\/uploads\/2024\/11\/Aperrytif.jpg\" class=\"attachment-sportspress-fit-icon size-sportspress-fit-icon wp-post-image\" alt=\"\" srcset=\"https:\/\/bcsilly.be\/wp-content\/uploads\/2024\/11\/Aperrytif.jpg 531w, https:\/\/bcsilly.be\/wp-content\/uploads\/2024\/11\/Aperrytif-300x155.jpg 300w, https:\/\/bcsilly.be\/wp-content\/uploads\/2024\/11\/Aperrytif-32x17.jpg 32w\" sizes=\"auto, (max-width: 128px) 100vw, 128px\" \/><\/a><\/div><div class=\"sponsor-item medium large\"><a href=https:\/\/combustibles-liegeois.com\/  rel=\"nofollow\"><img loading=\"lazy\" decoding=\"async\" width=\"128\" height=\"40\" src=\"https:\/\/bcsilly.be\/wp-content\/uploads\/2024\/09\/Liegeois-energie.jpg\" class=\"attachment-sportspress-fit-icon size-sportspress-fit-icon wp-post-image\" alt=\"\" srcset=\"https:\/\/bcsilly.be\/wp-content\/uploads\/2024\/09\/Liegeois-energie.jpg 404w, https:\/\/bcsilly.be\/wp-content\/uploads\/2024\/09\/Liegeois-energie-300x93.jpg 300w, https:\/\/bcsilly.be\/wp-content\/uploads\/2024\/09\/Liegeois-energie-32x10.jpg 32w\" sizes=\"auto, (max-width: 128px) 100vw, 128px\" \/><\/a><\/div><div class=\"sponsor-item medium large\"><a href=https:\/\/www.facebook.com\/p\/LOrangerie-Ollignies-61550895634927\/?locale=fr_FR  rel=\"nofollow\"><img loading=\"lazy\" decoding=\"async\" width=\"128\" height=\"68\" src=\"https:\/\/bcsilly.be\/wp-content\/uploads\/2024\/09\/Lorangerie_coupe_2.jpg\" class=\"attachment-sportspress-fit-icon size-sportspress-fit-icon wp-post-image\" alt=\"\" srcset=\"https:\/\/bcsilly.be\/wp-content\/uploads\/2024\/09\/Lorangerie_coupe_2.jpg 927w, https:\/\/bcsilly.be\/wp-content\/uploads\/2024\/09\/Lorangerie_coupe_2-300x160.jpg 300w, https:\/\/bcsilly.be\/wp-content\/uploads\/2024\/09\/Lorangerie_coupe_2-32x17.jpg 32w\" sizes=\"auto, (max-width: 128px) 100vw, 128px\" \/><\/a><\/div><div class=\"sponsor-item medium large\"><a href=https:\/\/pvmwood.be\/  rel=\"nofollow\"><img loading=\"lazy\" decoding=\"async\" width=\"128\" height=\"56\" src=\"https:\/\/bcsilly.be\/wp-content\/uploads\/2024\/06\/Logo-PVM-Wood.png\" class=\"attachment-sportspress-fit-icon size-sportspress-fit-icon wp-post-image\" alt=\"\" srcset=\"https:\/\/bcsilly.be\/wp-content\/uploads\/2024\/06\/Logo-PVM-Wood.png 640w, https:\/\/bcsilly.be\/wp-content\/uploads\/2024\/06\/Logo-PVM-Wood-300x130.png 300w, https:\/\/bcsilly.be\/wp-content\/uploads\/2024\/06\/Logo-PVM-Wood-32x14.png 32w\" sizes=\"auto, (max-width: 128px) 100vw, 128px\" \/><\/a><\/div><div class=\"sponsor-item medium medium\"><a href=https:\/\/www.assistem.site\/  rel=\"nofollow\"><img loading=\"lazy\" decoding=\"async\" width=\"128\" height=\"48\" src=\"https:\/\/bcsilly.be\/wp-content\/uploads\/2023\/09\/Logo-Assistem_coupe.jpg\" class=\"attachment-sportspress-fit-icon size-sportspress-fit-icon wp-post-image\" alt=\"\" srcset=\"https:\/\/bcsilly.be\/wp-content\/uploads\/2023\/09\/Logo-Assistem_coupe.jpg 842w, https:\/\/bcsilly.be\/wp-content\/uploads\/2023\/09\/Logo-Assistem_coupe-300x113.jpg 300w, https:\/\/bcsilly.be\/wp-content\/uploads\/2023\/09\/Logo-Assistem_coupe-32x12.jpg 32w\" sizes=\"auto, (max-width: 128px) 100vw, 128px\" \/><\/a><\/div><div class=\"sponsor-item medium medium\"><a href=https:\/\/jcarton.be\/  rel=\"nofollow\"><img loading=\"lazy\" decoding=\"async\" width=\"128\" height=\"59\" src=\"https:\/\/bcsilly.be\/wp-content\/uploads\/2023\/09\/assurances-carton-1-scaled.jpeg\" class=\"attachment-sportspress-fit-icon size-sportspress-fit-icon wp-post-image\" alt=\"\" srcset=\"https:\/\/bcsilly.be\/wp-content\/uploads\/2023\/09\/assurances-carton-1-scaled.jpeg 1600w, https:\/\/bcsilly.be\/wp-content\/uploads\/2023\/09\/assurances-carton-1-300x139.jpeg 300w, https:\/\/bcsilly.be\/wp-content\/uploads\/2023\/09\/assurances-carton-1-32x15.jpeg 32w\" sizes=\"auto, (max-width: 128px) 100vw, 128px\" \/><\/a><\/div><div class=\"sponsor-item medium medium\"><a href=https:\/\/www.facebook.com\/CarmelinaRuisiVivreSainement\/?locale=fr_FR  rel=\"nofollow\"><img loading=\"lazy\" decoding=\"async\" width=\"128\" height=\"78\" src=\"https:\/\/bcsilly.be\/wp-content\/uploads\/2023\/09\/Logo-Carmelina-Ruisi_new_verso_grand.jpg\" class=\"attachment-sportspress-fit-icon size-sportspress-fit-icon wp-post-image\" alt=\"\" srcset=\"https:\/\/bcsilly.be\/wp-content\/uploads\/2023\/09\/Logo-Carmelina-Ruisi_new_verso_grand.jpg 1000w, https:\/\/bcsilly.be\/wp-content\/uploads\/2023\/09\/Logo-Carmelina-Ruisi_new_verso_grand-300x182.jpg 300w, https:\/\/bcsilly.be\/wp-content\/uploads\/2023\/09\/Logo-Carmelina-Ruisi_new_verso_grand-32x19.jpg 32w\" sizes=\"auto, (max-width: 128px) 100vw, 128px\" \/><\/a><\/div><div class=\"sponsor-item medium medium\"><a href=https:\/\/www.jonckers-thoumsin.be\/  rel=\"nofollow\"><img loading=\"lazy\" decoding=\"async\" width=\"128\" height=\"51\" src=\"https:\/\/bcsilly.be\/wp-content\/uploads\/2024\/05\/Centre-veterinaire.jpg\" class=\"attachment-sportspress-fit-icon size-sportspress-fit-icon wp-post-image\" alt=\"\" srcset=\"https:\/\/bcsilly.be\/wp-content\/uploads\/2024\/05\/Centre-veterinaire.jpg 2125w, https:\/\/bcsilly.be\/wp-content\/uploads\/2024\/05\/Centre-veterinaire-300x120.jpg 300w, https:\/\/bcsilly.be\/wp-content\/uploads\/2024\/05\/Centre-veterinaire-32x13.jpg 32w\" sizes=\"auto, (max-width: 128px) 100vw, 128px\" \/><\/a><\/div><div class=\"sponsor-item medium medium\"><a href=https:\/\/www.hanocqsprl.be\/  rel=\"nofollow\"><img loading=\"lazy\" decoding=\"async\" width=\"128\" height=\"128\" src=\"https:\/\/bcsilly.be\/wp-content\/uploads\/2023\/09\/christian-hanocq.png\" class=\"attachment-sportspress-fit-icon size-sportspress-fit-icon wp-post-image\" alt=\"\" srcset=\"https:\/\/bcsilly.be\/wp-content\/uploads\/2023\/09\/christian-hanocq.png 2048w, https:\/\/bcsilly.be\/wp-content\/uploads\/2023\/09\/christian-hanocq-150x150.png 150w, https:\/\/bcsilly.be\/wp-content\/uploads\/2023\/09\/christian-hanocq-300x300.png 300w, https:\/\/bcsilly.be\/wp-content\/uploads\/2023\/09\/christian-hanocq-32x32.png 32w\" sizes=\"auto, (max-width: 128px) 100vw, 128px\" \/><\/a><\/div><div class=\"sponsor-item medium medium\"><a href=https:\/\/www.facebook.com\/crealis.silly  rel=\"nofollow\"><img loading=\"lazy\" decoding=\"async\" width=\"128\" height=\"87\" src=\"https:\/\/bcsilly.be\/wp-content\/uploads\/2022\/08\/Crealis.jpg\" class=\"attachment-sportspress-fit-icon size-sportspress-fit-icon wp-post-image\" alt=\"\" srcset=\"https:\/\/bcsilly.be\/wp-content\/uploads\/2022\/08\/Crealis.jpg 1072w, https:\/\/bcsilly.be\/wp-content\/uploads\/2022\/08\/Crealis-300x204.jpg 300w, https:\/\/bcsilly.be\/wp-content\/uploads\/2022\/08\/Crealis-32x22.jpg 32w, https:\/\/bcsilly.be\/wp-content\/uploads\/2022\/08\/Crealis-589x400.jpg 589w\" sizes=\"auto, (max-width: 128px) 100vw, 128px\" \/><\/a><\/div><div class=\"sponsor-item medium medium\"><a href=https:\/\/drink-vantyghem.be\/  rel=\"nofollow\"><img loading=\"lazy\" decoding=\"async\" width=\"128\" height=\"128\" src=\"https:\/\/bcsilly.be\/wp-content\/uploads\/2023\/09\/vantyghem.png\" class=\"attachment-sportspress-fit-icon size-sportspress-fit-icon wp-post-image\" alt=\"\" srcset=\"https:\/\/bcsilly.be\/wp-content\/uploads\/2023\/09\/vantyghem.png 943w, https:\/\/bcsilly.be\/wp-content\/uploads\/2023\/09\/vantyghem-150x150.png 150w, https:\/\/bcsilly.be\/wp-content\/uploads\/2023\/09\/vantyghem-300x300.png 300w, https:\/\/bcsilly.be\/wp-content\/uploads\/2023\/09\/vantyghem-32x32.png 32w\" sizes=\"auto, (max-width: 128px) 100vw, 128px\" \/><\/a><\/div><div class=\"sponsor-item medium medium\"><a href=https:\/\/www.facebook.com\/profile.php?id=61554552984001  rel=\"nofollow\"><img loading=\"lazy\" decoding=\"async\" width=\"128\" height=\"70\" src=\"https:\/\/bcsilly.be\/wp-content\/uploads\/2024\/11\/Emy-Gin_petit.jpg\" class=\"attachment-sportspress-fit-icon size-sportspress-fit-icon wp-post-image\" alt=\"\" srcset=\"https:\/\/bcsilly.be\/wp-content\/uploads\/2024\/11\/Emy-Gin_petit.jpg 2110w, https:\/\/bcsilly.be\/wp-content\/uploads\/2024\/11\/Emy-Gin_petit-300x165.jpg 300w, https:\/\/bcsilly.be\/wp-content\/uploads\/2024\/11\/Emy-Gin_petit-32x18.jpg 32w\" sizes=\"auto, (max-width: 128px) 100vw, 128px\" \/><\/a><\/div><div class=\"sponsor-item medium medium\"><a href=https:\/\/pharmacies-fourmy.be\/institut-helichrysa-2\/  rel=\"nofollow\"><img loading=\"lazy\" decoding=\"async\" width=\"128\" height=\"62\" src=\"https:\/\/bcsilly.be\/wp-content\/uploads\/2024\/07\/Helichrysa-Fourmy.png\" class=\"attachment-sportspress-fit-icon size-sportspress-fit-icon wp-post-image\" alt=\"\" srcset=\"https:\/\/bcsilly.be\/wp-content\/uploads\/2024\/07\/Helichrysa-Fourmy.png 510w, https:\/\/bcsilly.be\/wp-content\/uploads\/2024\/07\/Helichrysa-Fourmy-300x145.png 300w, https:\/\/bcsilly.be\/wp-content\/uploads\/2024\/07\/Helichrysa-Fourmy-32x15.png 32w\" sizes=\"auto, (max-width: 128px) 100vw, 128px\" \/><\/a><\/div><div class=\"sponsor-item medium medium\"><img loading=\"lazy\" decoding=\"async\" width=\"123\" height=\"128\" src=\"https:\/\/bcsilly.be\/wp-content\/uploads\/2023\/10\/Logo-Comptoir-du-pain.jpg\" class=\"attachment-sportspress-fit-icon size-sportspress-fit-icon wp-post-image\" alt=\"\" srcset=\"https:\/\/bcsilly.be\/wp-content\/uploads\/2023\/10\/Logo-Comptoir-du-pain.jpg 421w, https:\/\/bcsilly.be\/wp-content\/uploads\/2023\/10\/Logo-Comptoir-du-pain-288x300.jpg 288w, https:\/\/bcsilly.be\/wp-content\/uploads\/2023\/10\/Logo-Comptoir-du-pain-32x32.jpg 32w\" sizes=\"auto, (max-width: 123px) 100vw, 123px\" \/><\/div><div class=\"sponsor-item medium medium\"><a href=https:\/\/www.loiselet.be\/  rel=\"nofollow\"><img loading=\"lazy\" decoding=\"async\" width=\"128\" height=\"34\" src=\"https:\/\/bcsilly.be\/wp-content\/uploads\/2023\/09\/loiselet-1-scaled.jpeg\" class=\"attachment-sportspress-fit-icon size-sportspress-fit-icon wp-post-image\" alt=\"\" srcset=\"https:\/\/bcsilly.be\/wp-content\/uploads\/2023\/09\/loiselet-1-scaled.jpeg 1600w, https:\/\/bcsilly.be\/wp-content\/uploads\/2023\/09\/loiselet-1-300x81.jpeg 300w, https:\/\/bcsilly.be\/wp-content\/uploads\/2023\/09\/loiselet-1-32x9.jpeg 32w\" sizes=\"auto, (max-width: 128px) 100vw, 128px\" \/><\/a><\/div><div class=\"sponsor-item medium medium\"><a href=https:\/\/neoprojet.be\/  rel=\"nofollow\"><img loading=\"lazy\" decoding=\"async\" width=\"128\" height=\"128\" src=\"https:\/\/bcsilly.be\/wp-content\/uploads\/2024\/11\/Neoprojet_noir.jpg\" class=\"attachment-sportspress-fit-icon size-sportspress-fit-icon wp-post-image\" alt=\"\" srcset=\"https:\/\/bcsilly.be\/wp-content\/uploads\/2024\/11\/Neoprojet_noir.jpg 1024w, https:\/\/bcsilly.be\/wp-content\/uploads\/2024\/11\/Neoprojet_noir-150x150.jpg 150w, https:\/\/bcsilly.be\/wp-content\/uploads\/2024\/11\/Neoprojet_noir-300x300.jpg 300w, https:\/\/bcsilly.be\/wp-content\/uploads\/2024\/11\/Neoprojet_noir-32x32.jpg 32w\" sizes=\"auto, (max-width: 128px) 100vw, 128px\" \/><\/a><\/div><div class=\"sponsor-item medium medium\"><img loading=\"lazy\" decoding=\"async\" width=\"128\" height=\"128\" src=\"https:\/\/bcsilly.be\/wp-content\/uploads\/2025\/05\/Intermarche-Ghislenghien-carre.png\" class=\"attachment-sportspress-fit-icon size-sportspress-fit-icon wp-post-image\" alt=\"\" srcset=\"https:\/\/bcsilly.be\/wp-content\/uploads\/2025\/05\/Intermarche-Ghislenghien-carre.png 1949w, https:\/\/bcsilly.be\/wp-content\/uploads\/2025\/05\/Intermarche-Ghislenghien-carre-150x150.png 150w, https:\/\/bcsilly.be\/wp-content\/uploads\/2025\/05\/Intermarche-Ghislenghien-carre-300x300.png 300w, https:\/\/bcsilly.be\/wp-content\/uploads\/2025\/05\/Intermarche-Ghislenghien-carre-32x32.png 32w\" sizes=\"auto, (max-width: 128px) 100vw, 128px\" \/><\/div><div class=\"sponsor-item medium large\"><img loading=\"lazy\" decoding=\"async\" width=\"128\" height=\"73\" src=\"https:\/\/bcsilly.be\/wp-content\/uploads\/2025\/09\/Dhaene-maillots-U10-2025.jpg\" class=\"attachment-sportspress-fit-icon size-sportspress-fit-icon wp-post-image\" alt=\"\" srcset=\"https:\/\/bcsilly.be\/wp-content\/uploads\/2025\/09\/Dhaene-maillots-U10-2025.jpg 1920w, https:\/\/bcsilly.be\/wp-content\/uploads\/2025\/09\/Dhaene-maillots-U10-2025-300x172.jpg 300w, https:\/\/bcsilly.be\/wp-content\/uploads\/2025\/09\/Dhaene-maillots-U10-2025-32x18.jpg 32w\" sizes=\"auto, (max-width: 128px) 100vw, 128px\" \/><\/div><\/div>\n<h2 style=\"text-align: center;\"><strong>BIENVENUE sur le site du BASKET CLUB SILLY !<\/strong><\/h2>\n<p style=\"text-align: center;\"><strong>\u00c9quipes, calendriers, r\u00e9sultats, comit\u00e9, r\u00e8glements, infos, documents et liens utiles : tout y est\u00a0!<\/strong><br \/>\nVisitez notre site et ne manquez pas nos <a href=\"http:\/\/bcsilly.be\/index.php\/blog\/\" rel=\"noopener noreferrer\">news<\/a> pour rester inform\u00e9 de l&#8217;actualit\u00e9 du club.<\/p>\n<p style=\"text-align: center;\"><a href=\"https:\/\/bcsilly.be\/index.php\/2025\/02\/27\/entrainements-ouverts-pour-la-saison-2025-2026\/\" target=\"_blank\" rel=\"noopener\"><img loading=\"lazy\" decoding=\"async\" class=\"alignnone wp-image-13318\" src=\"http:\/\/bcsilly.be\/wp-content\/uploads\/2025\/02\/BC-Silly-Recrutement-Maxi_banner.jpg\" alt=\"\" width=\"250\" height=\"250\" srcset=\"https:\/\/bcsilly.be\/wp-content\/uploads\/2025\/02\/BC-Silly-Recrutement-Maxi_banner.jpg 1200w, https:\/\/bcsilly.be\/wp-content\/uploads\/2025\/02\/BC-Silly-Recrutement-Maxi_banner-150x150.jpg 150w, https:\/\/bcsilly.be\/wp-content\/uploads\/2025\/02\/BC-Silly-Recrutement-Maxi_banner-300x300.jpg 300w, https:\/\/bcsilly.be\/wp-content\/uploads\/2025\/02\/BC-Silly-Recrutement-Maxi_banner-32x32.jpg 32w\" sizes=\"auto, (max-width: 250px) 100vw, 250px\" \/><\/a> <a href=\"https:\/\/bcsilly.be\/index.php\/2025\/07\/21\/viens-jouer-au-b-c-silly\/\" target=\"_blank\" rel=\"noopener\"><img loading=\"lazy\" decoding=\"async\" class=\"alignnone wp-image-13165\" src=\"http:\/\/bcsilly.be\/wp-content\/uploads\/2024\/05\/BC-Silly-Recrutement-Kids_banner.jpg\" alt=\"\" width=\"250\" height=\"250\" srcset=\"https:\/\/bcsilly.be\/wp-content\/uploads\/2024\/05\/BC-Silly-Recrutement-Kids_banner.jpg 1200w, https:\/\/bcsilly.be\/wp-content\/uploads\/2024\/05\/BC-Silly-Recrutement-Kids_banner-150x150.jpg 150w, https:\/\/bcsilly.be\/wp-content\/uploads\/2024\/05\/BC-Silly-Recrutement-Kids_banner-300x300.jpg 300w, https:\/\/bcsilly.be\/wp-content\/uploads\/2024\/05\/BC-Silly-Recrutement-Kids_banner-32x32.jpg 32w\" sizes=\"auto, (max-width: 250px) 100vw, 250px\" \/><\/a><\/p>\n","protected":false},"excerpt":{"rendered":"<p>BIENVENUE sur le site du BASKET CLUB SILLY ! \u00c9quipes, calendriers, r\u00e9sultats, comit\u00e9, r\u00e8glements, infos, documents et liens utiles : tout y est\u00a0! Visitez notre site et ne manquez pas nos news pour rester inform\u00e9 de l&#8217;actualit\u00e9 du club.<\/p>\n","protected":false},"author":1,"featured_media":0,"parent":0,"menu_order":0,"comment_status":"closed","ping_status":"closed","template":"","meta":{"_monsterinsights_skip_tracking":false,"_monsterinsights_sitenote_active":false,"_monsterinsights_sitenote_note":"","_monsterinsights_sitenote_category":0,"iawp_total_views":2,"footnotes":""},"class_list":["post-536","page","type-page","status-publish","hentry"],"aioseo_notices":[],"amp_enabled":true,"_links":{"self":[{"href":"https:\/\/bcsilly.be\/index.php\/wp-json\/wp\/v2\/pages\/536","targetHints":{"allow":["GET"]}}],"collection":[{"href":"https:\/\/bcsilly.be\/index.php\/wp-json\/wp\/v2\/pages"}],"about":[{"href":"https:\/\/bcsilly.be\/index.php\/wp-json\/wp\/v2\/types\/page"}],"author":[{"embeddable":true,"href":"https:\/\/bcsilly.be\/index.php\/wp-json\/wp\/v2\/users\/1"}],"replies":[{"embeddable":true,"href":"https:\/\/bcsilly.be\/index.php\/wp-json\/wp\/v2\/comments?post=536"}],"version-history":[{"count":61,"href":"https:\/\/bcsilly.be\/index.php\/wp-json\/wp\/v2\/pages\/536\/revisions"}],"predecessor-version":[{"id":13624,"href":"https:\/\/bcsilly.be\/index.php\/wp-json\/wp\/v2\/pages\/536\/revisions\/13624"}],"wp:attachment":[{"href":"https:\/\/bcsilly.be\/index.php\/wp-json\/wp\/v2\/media?parent=536"}],"curies":[{"name":"wp","href":"https:\/\/api.w.org\/{rel}","templated":true}]}}