{"id":350,"date":"2018-09-23T16:26:13","date_gmt":"2018-09-23T14:26:13","guid":{"rendered":"http:\/\/ferretti.info\/bcsilly\/?page_id=350"},"modified":"2025-02-05T12:07:31","modified_gmt":"2025-02-05T11:07:31","slug":"secretariat","status":"publish","type":"page","link":"https:\/\/bcsilly.be\/index.php\/secretariat\/","title":{"rendered":"Secr\u00e9tariat"},"content":{"rendered":"<h2><strong>Une question ou une suggestion ?\u00a0<\/strong><\/h2>\n<p>Contactez-nous ! Nous vous r\u00e9pondons dans les meilleurs d\u00e9lais.<\/p>\n<p><img loading=\"lazy\" decoding=\"async\" class=\"wp-image-10024 size-thumbnail alignleft\" src=\"http:\/\/bcsilly.be\/wp-content\/uploads\/2023\/10\/COMITE_Devos-Stephanie_2-150x150.jpg\" alt=\"\" width=\"150\" height=\"150\" srcset=\"https:\/\/bcsilly.be\/wp-content\/uploads\/2023\/10\/COMITE_Devos-Stephanie_2-150x150.jpg 150w, https:\/\/bcsilly.be\/wp-content\/uploads\/2023\/10\/COMITE_Devos-Stephanie_2-300x300.jpg 300w, https:\/\/bcsilly.be\/wp-content\/uploads\/2023\/10\/COMITE_Devos-Stephanie_2-32x32.jpg 32w, https:\/\/bcsilly.be\/wp-content\/uploads\/2023\/10\/COMITE_Devos-Stephanie_2.jpg 2048w\" sizes=\"auto, (max-width: 150px) 100vw, 150px\" \/><\/p>\n<p>Secr\u00e9taire<strong><br \/>\nSt\u00e9phanie Devos<\/strong><\/p>\n<p>T\u00e9l. : 0477 66 76 49<br \/>\nE-mail : <a href=\"mailto:secretariat@bcsilly.be\">secretariat@bcsilly.be<\/a><\/p>\n<p>&nbsp;<\/p>\n<p><img loading=\"lazy\" decoding=\"async\" class=\"wp-image-8284 size-thumbnail alignleft\" src=\"http:\/\/bcsilly.be\/wp-content\/uploads\/2022\/08\/COMITE_0269-150x150.jpg\" alt=\"\" width=\"150\" height=\"150\" srcset=\"https:\/\/bcsilly.be\/wp-content\/uploads\/2022\/08\/COMITE_0269-150x150.jpg 150w, https:\/\/bcsilly.be\/wp-content\/uploads\/2022\/08\/COMITE_0269-300x300.jpg 300w, https:\/\/bcsilly.be\/wp-content\/uploads\/2022\/08\/COMITE_0269-32x32.jpg 32w, https:\/\/bcsilly.be\/wp-content\/uploads\/2022\/08\/COMITE_0269.jpg 1024w\" sizes=\"auto, (max-width: 150px) 100vw, 150px\" \/>Pr\u00e9sident<strong><br \/>\nLaurent Conreur<\/strong><\/p>\n<p>&nbsp;<\/p>\n<p>&nbsp;<\/p>\n<p><img loading=\"lazy\" decoding=\"async\" class=\"wp-image-10016 size-thumbnail alignleft\" src=\"http:\/\/bcsilly.be\/wp-content\/uploads\/2022\/09\/P2D_Manche-Audrey_2-150x150.jpg\" alt=\"\" width=\"150\" height=\"150\" srcset=\"https:\/\/bcsilly.be\/wp-content\/uploads\/2022\/09\/P2D_Manche-Audrey_2-150x150.jpg 150w, https:\/\/bcsilly.be\/wp-content\/uploads\/2022\/09\/P2D_Manche-Audrey_2-300x300.jpg 300w, https:\/\/bcsilly.be\/wp-content\/uploads\/2022\/09\/P2D_Manche-Audrey_2-32x32.jpg 32w, https:\/\/bcsilly.be\/wp-content\/uploads\/2022\/09\/P2D_Manche-Audrey_2.jpg 2048w\" sizes=\"auto, (max-width: 150px) 100vw, 150px\" \/>Vice-pr\u00e9sidente<br \/>\n<strong>Audrey Manche<\/strong><\/p>\n<p>&nbsp;<\/p>\n<p>&nbsp;<\/p>\n<p data-wp-editing=\"1\"><img loading=\"lazy\" decoding=\"async\" class=\"wp-image-9948 size-thumbnail alignleft\" src=\"http:\/\/bcsilly.be\/wp-content\/uploads\/2023\/08\/PR-U6-U8_Op-de-Beeck-Stephanie-150x150.jpg\" alt=\"\" width=\"150\" height=\"150\" srcset=\"https:\/\/bcsilly.be\/wp-content\/uploads\/2023\/08\/PR-U6-U8_Op-de-Beeck-Stephanie-150x150.jpg 150w, https:\/\/bcsilly.be\/wp-content\/uploads\/2023\/08\/PR-U6-U8_Op-de-Beeck-Stephanie-300x300.jpg 300w, https:\/\/bcsilly.be\/wp-content\/uploads\/2023\/08\/PR-U6-U8_Op-de-Beeck-Stephanie-32x32.jpg 32w, https:\/\/bcsilly.be\/wp-content\/uploads\/2023\/08\/PR-U6-U8_Op-de-Beeck-Stephanie.jpg 2048w\" sizes=\"auto, (max-width: 150px) 100vw, 150px\" \/>Tr\u00e9sori\u00e8re<strong><br \/>\nSt\u00e9phanie Op de Beeck<\/strong><\/p>\n<p>E-mail : <a href=\"mailto:tresorerie@bcsilly.be\" target=\"_blank\" rel=\"noopener\">tresorerie@bcsilly.be<\/a><\/p>\n<p>&nbsp;<\/p>\n<h3><strong>Coordonn\u00e9es du club<\/strong><\/h3>\n<p>BASKET CLUB SILLY ASBL \u2013 Si\u00e8ge social : Rue Warissaet 27, 7830 Bassilly<br \/>\nBanque : IBAN BE40 7320 3142 9263 \u2013 BIC CREGBEBB \u2013 BCE 0541.764.794<br \/>\nMatricule : 2691<\/p>\n","protected":false},"excerpt":{"rendered":"<p>Une question ou une suggestion ?\u00a0 Contactez-nous ! Nous vous r\u00e9pondons dans les meilleurs d\u00e9lais. Secr\u00e9taire St\u00e9phanie Devos T\u00e9l. : 0477 66 76 49 E-mail : secretariat@bcsilly.be &nbsp; Pr\u00e9sident Laurent Conreur &nbsp; &nbsp; Vice-pr\u00e9sidente Audrey Manche &nbsp; &nbsp; Tr\u00e9sori\u00e8re St\u00e9phanie Op de Beeck E-mail : tresorerie@bcsilly.be &nbsp; Coordonn\u00e9es du club BASKET CLUB SILLY ASBL \u2013 [&hellip;]<\/p>\n","protected":false},"author":1,"featured_media":0,"parent":0,"menu_order":0,"comment_status":"closed","ping_status":"closed","template":"","meta":{"_monsterinsights_skip_tracking":false,"_monsterinsights_sitenote_active":false,"_monsterinsights_sitenote_note":"","_monsterinsights_sitenote_category":0,"iawp_total_views":53,"footnotes":""},"class_list":["post-350","page","type-page","status-publish","hentry"],"aioseo_notices":[],"amp_enabled":true,"_links":{"self":[{"href":"https:\/\/bcsilly.be\/index.php\/wp-json\/wp\/v2\/pages\/350","targetHints":{"allow":["GET"]}}],"collection":[{"href":"https:\/\/bcsilly.be\/index.php\/wp-json\/wp\/v2\/pages"}],"about":[{"href":"https:\/\/bcsilly.be\/index.php\/wp-json\/wp\/v2\/types\/page"}],"author":[{"embeddable":true,"href":"https:\/\/bcsilly.be\/index.php\/wp-json\/wp\/v2\/users\/1"}],"replies":[{"embeddable":true,"href":"https:\/\/bcsilly.be\/index.php\/wp-json\/wp\/v2\/comments?post=350"}],"version-history":[{"count":12,"href":"https:\/\/bcsilly.be\/index.php\/wp-json\/wp\/v2\/pages\/350\/revisions"}],"predecessor-version":[{"id":13104,"href":"https:\/\/bcsilly.be\/index.php\/wp-json\/wp\/v2\/pages\/350\/revisions\/13104"}],"wp:attachment":[{"href":"https:\/\/bcsilly.be\/index.php\/wp-json\/wp\/v2\/media?parent=350"}],"curies":[{"name":"wp","href":"https:\/\/api.w.org\/{rel}","templated":true}]}}