{"id":346,"date":"2018-09-23T16:24:51","date_gmt":"2018-09-23T14:24:51","guid":{"rendered":"http:\/\/ferretti.info\/bcsilly\/?page_id=346"},"modified":"2025-08-10T14:00:11","modified_gmt":"2025-08-10T12:00:11","slug":"inscription","status":"publish","type":"page","link":"https:\/\/bcsilly.be\/index.php\/inscription\/","title":{"rendered":"Inscription"},"content":{"rendered":"<h2><strong>Envie de rejoindre le B.C. Silly ?<\/strong><\/h2>\n<p>Le B.C. Silly accueille les joueurs de tous \u00e2ges\u00a0<strong>\u00e0 partir de 5 ans, gar\u00e7ons et filles.<br \/>\n<\/strong>Le club offre\u00a0<strong>3 entra\u00eenements test<\/strong>\u00a0sans engagement. Apr\u00e8s accord du coach de l\u2019\u00e9quipe, le joueur ou la joueuse d\u00e9cide ensuite de s\u2019inscrire ou non.<\/p>\n<p>&nbsp;<\/p>\n<h3><strong>Inscription<\/strong><\/h3>\n<p><strong><img loading=\"lazy\" decoding=\"async\" class=\"alignnone wp-image-1168\" src=\"http:\/\/bcsilly.be\/wp-content\/uploads\/2018\/10\/icone-inscription-e1539783320723.png\" alt=\"\" width=\"14\" height=\"14\" srcset=\"https:\/\/bcsilly.be\/wp-content\/uploads\/2018\/10\/icone-inscription-e1539783320723.png 50w, https:\/\/bcsilly.be\/wp-content\/uploads\/2018\/10\/icone-inscription-e1539783320723-32x32.png 32w\" sizes=\"auto, (max-width: 14px) 100vw, 14px\" \/><\/strong> Les inscriptions pour la saison 2025-2026 sont d\u00e9sormais ouvertes. Le montant de la cotisation annuelle est fix\u00e9 comme suit :<\/p>\n<ul>\n<li><strong>\u00c9quipes U10 \u00e0 P4<\/strong> : 250 \u20ac<\/li>\n<li><strong>\u00c9quipes U6-U8<\/strong> : 215 \u20ac<\/li>\n<li><strong>\u00c9quipe Loisir<\/strong> : 150 \u20ac<\/li>\n<\/ul>\n<p style=\"text-align: center;\"><strong>R\u00e9duction de 10 \u20ac jusqu\u2019au 7 juin 2025<\/strong><\/p>\n<p>Une r\u00e9duction de 10 \u20ac est accord\u00e9e si un acompte de 100 \u20ac est vers\u00e9 <strong>avant le 7 juin 2025<\/strong>. Dans ce cas, la cotisation s\u2019\u00e9l\u00e8vera \u00e0 :<\/p>\n<ul>\n<li><strong>\u00c9quipes U10 \u00e0 P4<\/strong> : 240 \u20ac<\/li>\n<li><strong>\u00c9quipes U6-U8<\/strong> : 205 \u20ac<\/li>\n<\/ul>\n<p>Le <strong>solde<\/strong> devra \u00eatre pay\u00e9 pour <strong>le 15 ao\u00fbt 2025 au plus tard<\/strong>.<\/p>\n<p style=\"text-align: center;\"><strong>R\u00e9ductions familiales<\/strong><\/p>\n<p>Les membres issus d\u2019une m\u00eame famille (vivant sous le m\u00eame toit) peuvent b\u00e9n\u00e9ficier d\u2019une r\u00e9duction :<\/p>\n<ul>\n<li>20 \u20ac sur la cotisation du <strong>deuxi\u00e8me membre<\/strong><\/li>\n<li>40 \u20ac \u00e0 partir du <strong>troisi\u00e8me membre<\/strong><\/li>\n<\/ul>\n<p>\u26a0\ufe0f <strong>Attention : un virement s\u00e9par\u00e9 par membre est requis.<\/strong><\/p>\n<p>&nbsp;<\/p>\n<h3><strong>PAIEMENT<\/strong><\/h3>\n<p><strong><img loading=\"lazy\" decoding=\"async\" class=\"alignnone wp-image-1166\" src=\"http:\/\/bcsilly.be\/wp-content\/uploads\/2018\/10\/icone-euro-e1539783211151.jpg\" alt=\"\" width=\"12\" height=\"12\" srcset=\"https:\/\/bcsilly.be\/wp-content\/uploads\/2018\/10\/icone-euro-e1539783211151.jpg 500w, https:\/\/bcsilly.be\/wp-content\/uploads\/2018\/10\/icone-euro-e1539783211151-150x150.jpg 150w, https:\/\/bcsilly.be\/wp-content\/uploads\/2018\/10\/icone-euro-e1539783211151-300x300.jpg 300w, https:\/\/bcsilly.be\/wp-content\/uploads\/2018\/10\/icone-euro-e1539783211151-32x32.jpg 32w, https:\/\/bcsilly.be\/wp-content\/uploads\/2018\/10\/icone-euro-e1539783211151-400x400.jpg 400w\" sizes=\"auto, (max-width: 12px) 100vw, 12px\" \/> <\/strong>Le paiement doit \u00eatre effectu\u00e9 sur le compte du <strong>BC SILLY<\/strong> &#8211; <strong>BE40 7320 3142 9263<\/strong><br \/>\nCommunication : <strong>NOM + PR\u00c9NOM DU JOUEUR + \u00c9QUIPE<\/strong> (exemple : <em>Dupont Nicolas \u2013 U18<\/em>).<\/p>\n<p>La cotisation comprend<strong> les frais d\u2019affiliation et licence aupr\u00e8s de la f\u00e9d\u00e9ration de basketball, les entra\u00eenements hebdomadaires, l\u2019assurance Ethias, les matchs de championnat, les matchs amicaux et les tournois.<\/strong><\/p>\n<p><strong>Bon \u00e0 savoir :<\/strong><\/p>\n<ul>\n<li>Le joueur n\u2019est pas couvert par notre assurance en cas de blessure lors des 3 entra\u00eenements test et ce, jusqu\u2019\u00e0 son inscription effective.<\/li>\n<li>La plupart des mutuelles remboursent une partie de la cotisation pay\u00e9e \u00e0 notre club. Le formulaire est \u00e0 demander \u00e0 votre mutuelle et \u00e0 faire compl\u00e9ter par le\u00a0<a href=\"http:\/\/bcsilly.be\/index.php\/secretariat\/\">secr\u00e9tariat<\/a>\u00a0du club.<\/li>\n<li><strong>Tout joueur n\u2019\u00e9tant pas en ordre de cotisation peut se voir refuser la participation aux entra\u00eenements, ainsi qu\u2019aux matchs<\/strong>.<\/li>\n<\/ul>\n<p>Consultez \u00e9galement notre\u00a0<a href=\"https:\/\/bcsilly.be\/wp-content\/uploads\/2022\/11\/BC-Silly-Re%cc%80glement-dordre-inte%cc%81rieur-Re%cc%81v.5-Novembre-20222810.pdf\">r\u00e8glement d\u2019ordre int\u00e9rieur<\/a><\/p>\n<p><strong>Paiement sans acompte<\/strong><\/p>\n<p>Si aucun acompte n\u2019est vers\u00e9 pour le 7 juin 2025, la <strong>totalit\u00e9 de la cotisation<\/strong> devra \u00eatre pay\u00e9e <strong>pour le 15 ao\u00fbt 2025<\/strong>.<\/p>\n<p><strong>Paiement \u00e9chelonn\u00e9<\/strong><\/p>\n<p>Un \u00e9chelonnement est possible avec un <strong>deuxi\u00e8me paiement en novembre<\/strong>.<br \/>\nPour plus d&#8217;informations ou si vous avez un doute sur le montant \u00e0 payer, <a href=\"http:\/\/bcsilly.be\/wp-content\/uploads\/2025\/08\/COTISATIONS-2025-2026.pdf\"><strong>cliquez ICI<\/strong><\/a>.<\/p>\n<p><strong>Une question ?<\/strong><\/p>\n<p>Contactez notre tr\u00e9sorerie par e-mail (<a href=\"mailto:tresorerie@bcsilly.be\">tresorerie@bcsilly.be<\/a>).<\/p>\n<p>&nbsp;<\/p>\n<h3><strong>NOUVEAUX MEMBRES<\/strong><\/h3>\n<p><strong><img loading=\"lazy\" decoding=\"async\" class=\"alignnone wp-image-1167\" src=\"http:\/\/bcsilly.be\/wp-content\/uploads\/2018\/10\/icone-info-e1542920048504.jpg\" alt=\"\" width=\"13\" height=\"13\" \/> Compl\u00e9tez la <\/strong><a href=\"http:\/\/bcsilly.be\/wp-content\/uploads\/2025\/05\/BC-Silly-Demande-inscription-nouveau-joueur-2025-2026.pdf\"><strong>demande d\u2019inscription<\/strong><\/a>\u00a0et envoyez-la par e-mail \u00e0\u00a0<a href=\"mailto:secretariat@bcsilly.be\">secretariat@bcsilly.be<\/a>. Joignez-y une\u00a0<strong>photo r\u00e9cente du joueur (format num\u00e9rique JPG de bonne qualit\u00e9)<\/strong>.<\/p>\n<p>En s\u2019affiliant au B.C. Silly, le joueur s\u2019engage \u00e0 suivre notre\u00a0<a href=\"http:\/\/bcsilly.be\/wp-content\/uploads\/2024\/05\/Charte-du-respect_joueurs.jpg\"><strong>charte du respect<\/strong><\/a>.<br \/>\nEn outre, l\u2019inscription au B.C. Silly implique un<strong>\u00a0engagement du joueur<\/strong>, ainsi qu\u2019un\u00a0<strong>engagement minimum des parents<\/strong>\u00a0(pour les jeunes) et ce, tout au long de la saison.\u00a0<strong>Pr\u00e9sence aux entra\u00eenements, participation aux matchs, aide au bon d\u00e9roulement des matchs (feuille de match, chrono, d\u00e9l\u00e9gu\u00e9, lavage des maillots).<\/strong><\/p>\n<p>&nbsp;<\/p>\n<h3><strong>CERTIFICAT MEDICAL<\/strong><\/h3>\n<p><strong><img loading=\"lazy\" decoding=\"async\" class=\"alignnone wp-image-1171\" src=\"http:\/\/bcsilly.be\/wp-content\/uploads\/2018\/10\/icoe-croix-m\u00e9dicale-150x150.jpg\" alt=\"\" width=\"14\" height=\"14\" srcset=\"https:\/\/bcsilly.be\/wp-content\/uploads\/2018\/10\/icoe-croix-m\u00e9dicale-150x150.jpg 150w, https:\/\/bcsilly.be\/wp-content\/uploads\/2018\/10\/icoe-croix-m\u00e9dicale-300x300.jpg 300w, https:\/\/bcsilly.be\/wp-content\/uploads\/2018\/10\/icoe-croix-m\u00e9dicale-32x32.jpg 32w, https:\/\/bcsilly.be\/wp-content\/uploads\/2018\/10\/icoe-croix-m\u00e9dicale-400x400.jpg 400w, https:\/\/bcsilly.be\/wp-content\/uploads\/2018\/10\/icoe-croix-m\u00e9dicale.jpg 626w\" sizes=\"auto, (max-width: 14px) 100vw, 14px\" \/> Faites compl\u00e9ter le <\/strong><a href=\"http:\/\/bcsilly.be\/wp-content\/uploads\/2025\/05\/Certificat-medical-AWBB-2025-2026.pdf\"><strong>certificat\u00a0m\u00e9dical 2025-2026<\/strong><\/a>\u00a0par votre m\u00e9decin. Le\u00a0<strong>document original d\u00fbment compl\u00e9t\u00e9 et sign\u00e9<\/strong>\u00a0(par le repr\u00e9sentant l\u00e9gal \u00e9galement pour les mineurs) doit \u00eatre remis au coach ou au parent-relais lors du premier entra\u00eenement. Une\u00a0<strong>copie<\/strong>\u00a0est \u00e0 envoyer par e-mail \u00e0\u00a0<a href=\"mailto:secretariat@bcsilly.be\">secretariat@bcsilly.be<\/a>. Le certificat m\u00e9dical est\u00a0<strong>obligatoire<\/strong>.<\/p>\n<p><strong>Attention : seul le certificat m\u00e9dical officiel de l\u2019AWBB pour la saison 2025-2026 sera accept\u00e9.<\/strong>\u00a0Toute autre forme de certificat \u00e9tabli par votre m\u00e9decin ou encore un certificat de l\u2019AWBB d\u2019une saison pr\u00e9c\u00e9dente sera refus\u00e9.<\/p>\n<p><img loading=\"lazy\" decoding=\"async\" class=\"alignnone wp-image-13537\" src=\"http:\/\/bcsilly.be\/wp-content\/uploads\/2025\/05\/Exemple-certificat-medical-2025-2026.jpg\" alt=\"\" width=\"441\" height=\"317\" srcset=\"https:\/\/bcsilly.be\/wp-content\/uploads\/2025\/05\/Exemple-certificat-medical-2025-2026.jpg 956w, https:\/\/bcsilly.be\/wp-content\/uploads\/2025\/05\/Exemple-certificat-medical-2025-2026-300x216.jpg 300w, https:\/\/bcsilly.be\/wp-content\/uploads\/2025\/05\/Exemple-certificat-medical-2025-2026-32x23.jpg 32w\" sizes=\"auto, (max-width: 441px) 100vw, 441px\" \/><\/p>\n<p>&nbsp;<\/p>\n<h3><strong>SUIVEZ-NOUS SUR FACEBOOK<\/strong><\/h3>\n<p>N&#8217;h\u00e9sitez pas \u00e0 vous abonner \u00e0 nos pages Facebook pour suivre notre actualit\u00e9 :<\/p>\n<ul>\n<li>page publique ouverte \u00e0 tous : <a href=\"https:\/\/www.facebook.com\/BCSilly\" target=\"_blank\" rel=\"noopener\"><strong>@BC Silly <\/strong><\/a><\/li>\n<li>groupe ferm\u00e9 r\u00e9serv\u00e9 aux membres uniquement : <a href=\"https:\/\/www.facebook.com\/groups\/587090148093789\" target=\"_blank\" rel=\"noopener\"><strong>B.C. Silly (one team)<\/strong><\/a><\/li>\n<\/ul>\n<h3><strong>SUIVEZ-NOUS SUR INSTAGRAM<\/strong><\/h3>\n<p>N&#8217;h\u00e9sitez pas \u00e0 vous abonner \u00e0 notre compte Instagram <a href=\"https:\/\/www.instagram.com\/bc_silly?igsh=dXQwcmVlMWh3bW9l\" target=\"_blank\" rel=\"noopener\"><strong>@BC Silly <\/strong><\/a><\/p>\n<p><strong>Une question ?<\/strong> Contactez <a href=\"mailto:secretariat@bcsilly.be\" target=\"_blank\" rel=\"noopener\">secretariat@bcsilly.be<\/a><\/p>\n","protected":false},"excerpt":{"rendered":"<p>Envie de rejoindre le B.C. Silly ? Le B.C. Silly accueille les joueurs de tous \u00e2ges\u00a0\u00e0 partir de 5 ans, gar\u00e7ons et filles. Le club offre\u00a03 entra\u00eenements test\u00a0sans engagement. Apr\u00e8s accord du coach de l\u2019\u00e9quipe, le joueur ou la joueuse d\u00e9cide ensuite de s\u2019inscrire ou non. &nbsp; Inscription Les inscriptions pour la saison 2025-2026 sont [&hellip;]<\/p>\n","protected":false},"author":1,"featured_media":7795,"parent":0,"menu_order":0,"comment_status":"closed","ping_status":"closed","template":"","meta":{"_monsterinsights_skip_tracking":false,"_monsterinsights_sitenote_active":false,"_monsterinsights_sitenote_note":"","_monsterinsights_sitenote_category":0,"iawp_total_views":159,"footnotes":""},"class_list":["post-346","page","type-page","status-publish","has-post-thumbnail","hentry"],"aioseo_notices":[],"amp_enabled":true,"_links":{"self":[{"href":"https:\/\/bcsilly.be\/index.php\/wp-json\/wp\/v2\/pages\/346","targetHints":{"allow":["GET"]}}],"collection":[{"href":"https:\/\/bcsilly.be\/index.php\/wp-json\/wp\/v2\/pages"}],"about":[{"href":"https:\/\/bcsilly.be\/index.php\/wp-json\/wp\/v2\/types\/page"}],"author":[{"embeddable":true,"href":"https:\/\/bcsilly.be\/index.php\/wp-json\/wp\/v2\/users\/1"}],"replies":[{"embeddable":true,"href":"https:\/\/bcsilly.be\/index.php\/wp-json\/wp\/v2\/comments?post=346"}],"version-history":[{"count":89,"href":"https:\/\/bcsilly.be\/index.php\/wp-json\/wp\/v2\/pages\/346\/revisions"}],"predecessor-version":[{"id":13642,"href":"https:\/\/bcsilly.be\/index.php\/wp-json\/wp\/v2\/pages\/346\/revisions\/13642"}],"wp:featuredmedia":[{"embeddable":true,"href":"https:\/\/bcsilly.be\/index.php\/wp-json\/wp\/v2\/media\/7795"}],"wp:attachment":[{"href":"https:\/\/bcsilly.be\/index.php\/wp-json\/wp\/v2\/media?parent=346"}],"curies":[{"name":"wp","href":"https:\/\/api.w.org\/{rel}","templated":true}]}}