{"id":330,"date":"2018-09-23T15:59:02","date_gmt":"2018-09-23T13:59:02","guid":{"rendered":"http:\/\/ferretti.info\/bcsilly\/?page_id=330"},"modified":"2025-03-26T09:09:47","modified_gmt":"2025-03-26T08:09:47","slug":"reglements","status":"publish","type":"page","link":"https:\/\/bcsilly.be\/index.php\/reglements\/","title":{"rendered":"R\u00e8glements"},"content":{"rendered":"<h2><strong>R\u00e8glements en vigueur<\/strong><\/h2>\n<p>Retrouvez ci-dessous les r\u00e8glements en vigueur pour le basket-ball, le mini-basket et le B.C. Silly.<\/p>\n<h3><strong>R\u00e8glement d&#8217;ordre int\u00e9rieur du B.C. Silly<\/strong><\/h3>\n<p><img loading=\"lazy\" decoding=\"async\" class=\"alignleft wp-image-2777 size-thumbnail\" src=\"http:\/\/bcsilly.be\/wp-content\/uploads\/2018\/12\/Logo-Silly-basket-officiel-fond-bleu-150x150.png\" alt=\"\" width=\"150\" height=\"150\" srcset=\"https:\/\/bcsilly.be\/wp-content\/uploads\/2018\/12\/Logo-Silly-basket-officiel-fond-bleu-150x150.png 150w, https:\/\/bcsilly.be\/wp-content\/uploads\/2018\/12\/Logo-Silly-basket-officiel-fond-bleu-300x300.png 300w, https:\/\/bcsilly.be\/wp-content\/uploads\/2018\/12\/Logo-Silly-basket-officiel-fond-bleu-32x32.png 32w, https:\/\/bcsilly.be\/wp-content\/uploads\/2018\/12\/Logo-Silly-basket-officiel-fond-bleu-400x400.png 400w, https:\/\/bcsilly.be\/wp-content\/uploads\/2018\/12\/Logo-Silly-basket-officiel-fond-bleu.png 500w\" sizes=\"auto, (max-width: 150px) 100vw, 150px\" \/>Ce r\u00e8glement est d\u2019application et chaque joueur, entra\u00eeneur, parent-relais ou membre du club reconna\u00eet l\u2019avoir lu et accept\u00e9 au plus tard au moment de son affiliation. En cas de modification ou nouvelle r\u00e8gle, le r\u00e8glement complet sera r\u00e9\u00e9dit\u00e9 au d\u00e9but de la saison suivante. T\u00e9l\u00e9chargez la derni\u00e8re version de notre r\u00e8glement.<\/p>\n<p><a href=\"http:\/\/bcsilly.be\/wp-content\/uploads\/2022\/11\/BC-Silly-Re\u0300glement-dordre-inte\u0301rieur-Re\u0301v.5-Novembre-20222810.pdf\" target=\"_blank\" rel=\"noopener\"><img loading=\"lazy\" decoding=\"async\" class=\"alignnone wp-image-11372\" src=\"http:\/\/bcsilly.be\/wp-content\/uploads\/2024\/03\/Button-ROI.png\" alt=\"\" width=\"150\" height=\"38\" srcset=\"https:\/\/bcsilly.be\/wp-content\/uploads\/2024\/03\/Button-ROI.png 268w, https:\/\/bcsilly.be\/wp-content\/uploads\/2024\/03\/Button-ROI-32x8.png 32w\" sizes=\"auto, (max-width: 150px) 100vw, 150px\" \/><\/a><\/p>\n<h3><strong>R\u00e8glements de basket-ball<\/strong><\/h3>\n<p><img loading=\"lazy\" decoding=\"async\" class=\"alignleft wp-image-5075\" src=\"http:\/\/bcsilly.be\/wp-content\/uploads\/2020\/02\/MG_4544-150x150.jpg\" alt=\"\" width=\"150\" height=\"100\" srcset=\"https:\/\/bcsilly.be\/wp-content\/uploads\/2020\/02\/MG_4544-300x200.jpg 300w, https:\/\/bcsilly.be\/wp-content\/uploads\/2020\/02\/MG_4544-32x21.jpg 32w, https:\/\/bcsilly.be\/wp-content\/uploads\/2020\/02\/MG_4544-600x400.jpg 600w, https:\/\/bcsilly.be\/wp-content\/uploads\/2020\/02\/MG_4544.jpg 1024w\" sizes=\"auto, (max-width: 150px) 100vw, 150px\" \/><a href=\"https:\/\/www.awbb.be\/wp-content\/uploads\/2022\/09\/codedejeu2022.pdf\" target=\"_blank\" rel=\"noopener\">R\u00e8glement officiel du basket-ball 2022<\/a><br \/>\n<a href=\"https:\/\/www.awbb.be\/wp-content\/uploads\/2022\/09\/reglesarbitrage2022.pdf\" target=\"_blank\" rel=\"noopener\">R\u00e9sum\u00e9 des changements de r\u00e8gles 2022<\/a><\/p>\n<p><a href=\"https:\/\/www.awbb.be\/code-de-jeu-interpretations-et-mecanique-darbitrage\/\" target=\"_blank\" rel=\"noopener\">Retrouvez tous les r\u00e8glements officiels sur le site de l&#8217;AWBB<\/a><\/p>\n<h3><strong>R\u00e8glements et codes de conduite mini-basket<\/strong><\/h3>\n<h5><strong><img loading=\"lazy\" decoding=\"async\" class=\"alignleft wp-image-2647\" src=\"http:\/\/bcsilly.be\/wp-content\/uploads\/2018\/12\/Logo-Mini-Basket-768x508-e1544999630995.jpg\" alt=\"\" width=\"150\" height=\"100\" srcset=\"https:\/\/bcsilly.be\/wp-content\/uploads\/2018\/12\/Logo-Mini-Basket-768x508-e1544999630995.jpg 134w, https:\/\/bcsilly.be\/wp-content\/uploads\/2018\/12\/Logo-Mini-Basket-768x508-e1544999630995-32x21.jpg 32w\" sizes=\"auto, (max-width: 150px) 100vw, 150px\" \/><\/strong><\/h5>\n<p><a href=\"https:\/\/baskethainaut.be\/wp-content\/uploads\/2020\/06\/Reglement_3c3.pdf\" target=\"_blank\" rel=\"noopener\">Mini-basket &#8211; Esprit 3c3<\/a><a href=\"https:\/\/baskethainaut.be\/wp-content\/uploads\/2020\/06\/Reglement_4c4.pdf\" target=\"_blank\" rel=\"noopener\"><br \/>\nMini-basket &#8211; Esprit 4c4<\/a><a href=\"http:\/\/bcsilly.be\/wp-content\/uploads\/2023\/03\/Esprit-3c3_2023.pdf\" target=\"_blank\" rel=\"noopener\"><br \/>\n<\/a><a href=\"https:\/\/baskethainaut.be\/wp-content\/uploads\/2020\/06\/Reglement_5c5.pdf\" target=\"_blank\" rel=\"noopener\">Mini-basket &#8211; Esprit 5c5<\/a><a href=\"http:\/\/bcsilly.be\/wp-content\/uploads\/2023\/03\/Esprit-3c3_2023.pdf\" target=\"_blank\" rel=\"noopener\"><br \/>\n<\/a><a href=\"https:\/\/baskethainaut.be\/wp-content\/uploads\/2020\/06\/R%C3%A9sum%C3%A9_Minibasket.pdf\" target=\"_blank\" rel=\"noopener\">R\u00e9sum\u00e9 des r\u00e8gles mini-basket<\/a><\/p>\n<p><a href=\"https:\/\/baskethainaut.be\/wp-content\/uploads\/2020\/06\/Code_Minibasket_Dirigeants.pdf\" target=\"_blank\" rel=\"noopener\">Code de conduite des dirigeants<\/a><br \/>\n<a href=\"https:\/\/baskethainaut.be\/wp-content\/uploads\/2020\/06\/Code_Minibasket_Formateurs.pdf\" target=\"_blank\" rel=\"noopener\">Code de conduite du formateur<\/a><br \/>\n<a href=\"https:\/\/baskethainaut.be\/wp-content\/uploads\/2020\/06\/Code_Minibasket_Joueurs.pdf\" target=\"_blank\" rel=\"noopener\">Code de conduite des minibasketteurs<\/a><br \/>\n<a href=\"https:\/\/baskethainaut.be\/wp-content\/uploads\/2020\/06\/Code_Minibasket_Parents.pdf\" target=\"_blank\" rel=\"noopener\">Code de conduite des parents<\/a><\/p>\n","protected":false},"excerpt":{"rendered":"<p>R\u00e8glements en vigueur Retrouvez ci-dessous les r\u00e8glements en vigueur pour le basket-ball, le mini-basket et le B.C. Silly. R\u00e8glement d&#8217;ordre int\u00e9rieur du B.C. Silly Ce r\u00e8glement est d\u2019application et chaque joueur, entra\u00eeneur, parent-relais ou membre du club reconna\u00eet l\u2019avoir lu et accept\u00e9 au plus tard au moment de son affiliation. En cas de modification ou [&hellip;]<\/p>\n","protected":false},"author":1,"featured_media":1816,"parent":0,"menu_order":0,"comment_status":"closed","ping_status":"closed","template":"","meta":{"_monsterinsights_skip_tracking":false,"_monsterinsights_sitenote_active":false,"_monsterinsights_sitenote_note":"","_monsterinsights_sitenote_category":0,"iawp_total_views":32,"footnotes":""},"class_list":["post-330","page","type-page","status-publish","has-post-thumbnail","hentry"],"aioseo_notices":[],"amp_enabled":true,"_links":{"self":[{"href":"https:\/\/bcsilly.be\/index.php\/wp-json\/wp\/v2\/pages\/330","targetHints":{"allow":["GET"]}}],"collection":[{"href":"https:\/\/bcsilly.be\/index.php\/wp-json\/wp\/v2\/pages"}],"about":[{"href":"https:\/\/bcsilly.be\/index.php\/wp-json\/wp\/v2\/types\/page"}],"author":[{"embeddable":true,"href":"https:\/\/bcsilly.be\/index.php\/wp-json\/wp\/v2\/users\/1"}],"replies":[{"embeddable":true,"href":"https:\/\/bcsilly.be\/index.php\/wp-json\/wp\/v2\/comments?post=330"}],"version-history":[{"count":17,"href":"https:\/\/bcsilly.be\/index.php\/wp-json\/wp\/v2\/pages\/330\/revisions"}],"predecessor-version":[{"id":11892,"href":"https:\/\/bcsilly.be\/index.php\/wp-json\/wp\/v2\/pages\/330\/revisions\/11892"}],"wp:featuredmedia":[{"embeddable":true,"href":"https:\/\/bcsilly.be\/index.php\/wp-json\/wp\/v2\/media\/1816"}],"wp:attachment":[{"href":"https:\/\/bcsilly.be\/index.php\/wp-json\/wp\/v2\/media?parent=330"}],"curies":[{"name":"wp","href":"https:\/\/api.w.org\/{rel}","templated":true}]}}