{"id":327,"date":"2018-09-23T15:57:58","date_gmt":"2018-09-23T13:57:58","guid":{"rendered":"http:\/\/ferretti.info\/bcsilly\/?page_id=327"},"modified":"2025-09-28T14:34:22","modified_gmt":"2025-09-28T12:34:22","slug":"historique-basket-club-silly","status":"publish","type":"page","link":"https:\/\/bcsilly.be\/index.php\/historique-basket-club-silly\/","title":{"rendered":"Historique"},"content":{"rendered":"<h2><strong>Le B.C. Silly, un club familial et convivial<\/strong><\/h2>\n<p>C\u2019est lors d\u2019un match amical de basket disput\u00e9 durant la journ\u00e9e des sports <strong>fin septembre 2013<\/strong> qu\u2019est n\u00e9e l\u2019id\u00e9e de cr\u00e9er un club de basket \u00e0 Silly. Aussit\u00f4t dit, aussit\u00f4t fait\u00a0! <strong>Eric<\/strong> Perreaux, <strong>Maxime<\/strong> et <strong>Hugues <\/strong>De Saint Moulin, <strong>Quentin<\/strong> Delhovren, <strong>Lucie<\/strong> Perreaux, <strong>Didier<\/strong> Vanderhauwaert, <strong>Laurent<\/strong> Vrijdaghs et <strong>Jo<\/strong> Devenyn se r\u00e9unissent le <strong>2 novembre 2013<\/strong> pour \u00e9tablir l\u2019acte et les statuts du club. Acte valid\u00e9 par le tribunal du commerce de Mons le <strong>8 novembre 2013. <\/strong>Le Basket Club Silly est n\u00e9 !<\/p>\n<p><img loading=\"lazy\" decoding=\"async\" class=\"alignleft wp-image-250 \" src=\"http:\/\/bcsilly.be\/wp-content\/uploads\/2018\/09\/37934676_1960845080638332_6653021229038960640_n-e1539759825223-150x150.jpg\" alt=\"Eric est le 1er pr\u00e9sident du B.C. Silly\" width=\"130\" height=\"130\" srcset=\"https:\/\/bcsilly.be\/wp-content\/uploads\/2018\/09\/37934676_1960845080638332_6653021229038960640_n-e1539759825223-150x150.jpg 150w, https:\/\/bcsilly.be\/wp-content\/uploads\/2018\/09\/37934676_1960845080638332_6653021229038960640_n-e1539759825223-32x32.jpg 32w, https:\/\/bcsilly.be\/wp-content\/uploads\/2018\/09\/37934676_1960845080638332_6653021229038960640_n-e1539759825223.jpg 200w\" sizes=\"auto, (max-width: 130px) 100vw, 130px\" \/><\/p>\n<p><img loading=\"lazy\" decoding=\"async\" class=\"wp-image-12627 alignleft\" src=\"http:\/\/bcsilly.be\/wp-content\/uploads\/2024\/11\/De-Saint-Moulin-Hugues-150x150.jpg\" alt=\"\" width=\"130\" height=\"130\" srcset=\"https:\/\/bcsilly.be\/wp-content\/uploads\/2024\/11\/De-Saint-Moulin-Hugues-150x150.jpg 150w, https:\/\/bcsilly.be\/wp-content\/uploads\/2024\/11\/De-Saint-Moulin-Hugues-32x32.jpg 32w, https:\/\/bcsilly.be\/wp-content\/uploads\/2024\/11\/De-Saint-Moulin-Hugues.jpg 200w\" sizes=\"auto, (max-width: 130px) 100vw, 130px\" \/> <img loading=\"lazy\" decoding=\"async\" class=\"wp-image-12628 alignleft\" src=\"http:\/\/bcsilly.be\/wp-content\/uploads\/2024\/11\/De-Saint-Moulin-Maxime-150x150.jpg\" alt=\"\" width=\"130\" height=\"130\" srcset=\"https:\/\/bcsilly.be\/wp-content\/uploads\/2024\/11\/De-Saint-Moulin-Maxime-150x150.jpg 150w, https:\/\/bcsilly.be\/wp-content\/uploads\/2024\/11\/De-Saint-Moulin-Maxime-32x32.jpg 32w, https:\/\/bcsilly.be\/wp-content\/uploads\/2024\/11\/De-Saint-Moulin-Maxime.jpg 200w\" sizes=\"auto, (max-width: 130px) 100vw, 130px\" \/>Pr\u00e9sident de la commission des sports, <strong>Eric<\/strong> prend la pr\u00e9sidence du club, tandis que <strong>Maxime<\/strong> et <strong>Hugues<\/strong> assument respectivement les r\u00f4les de secr\u00e9taire et tr\u00e9sorier. Le club fait partie des nombreuses r\u00e9ussites sportives d&#8217;Eric, devenu dans l&#8217;intervalle \u00e9chevin des Sports et de la Jeunesse \u00e0 Silly.<\/p>\n<p>&nbsp;<\/p>\n<p>Le B.C. Silly d\u00e9marre avec une \u00e9quipe Seniors et attire pas \u00e0 pas les plus jeunes de la r\u00e9gion gr\u00e2ce au \u00ab Vivement mercredi \u00bb organis\u00e9 par la commune de Silly. En 2016, plusieurs \u00e9quipes de jeunes sont inscrites en championnat, tant en mini-basket qu&#8217;en maxi-basket. Le club prend alors de l&#8217;ampleur et commence \u00e0 s&#8217;organiser en cons\u00e9quence.<\/p>\n<p><img loading=\"lazy\" decoding=\"async\" class=\"wp-image-1802 alignleft\" src=\"http:\/\/bcsilly.be\/wp-content\/uploads\/2018\/09\/MG_859_small-150x150.jpg\" alt=\"\" width=\"130\" height=\"130\" srcset=\"https:\/\/bcsilly.be\/wp-content\/uploads\/2018\/09\/MG_859_small-150x150.jpg 150w, https:\/\/bcsilly.be\/wp-content\/uploads\/2018\/09\/MG_859_small-300x300.jpg 300w, https:\/\/bcsilly.be\/wp-content\/uploads\/2018\/09\/MG_859_small-32x32.jpg 32w, https:\/\/bcsilly.be\/wp-content\/uploads\/2018\/09\/MG_859_small-400x400.jpg 400w, https:\/\/bcsilly.be\/wp-content\/uploads\/2018\/09\/MG_859_small.jpg 1600w\" sizes=\"auto, (max-width: 130px) 100vw, 130px\" \/><\/p>\n<p>En d\u00e9cembre 2018,\u00a0<strong>Doroth\u00e9e <\/strong>Braeckman reprend la pr\u00e9sidence du club suite \u00e0 la nomination d\u2019Eric en tant que pr\u00e9sident de SillySports, l\u2019ASBL qui g\u00e8re le hall omnisports de Bassilly et d\u00e9pend de la commune.<\/p>\n<p>Le club compte alors pas moins de 8 \u00e9quipes en championnat, des U10 aux V\u00e9t\u00e9rans. Des \u00e9quipes de filles U14 et U19 commencent \u00e9galement \u00e0 se former.<\/p>\n<p><img loading=\"lazy\" decoding=\"async\" class=\"wp-image-1961 alignright\" src=\"http:\/\/bcsilly.be\/wp-content\/uploads\/2018\/10\/Sandrine-Van-den-Bulcke_cadets-150x150.jpg\" alt=\"\" width=\"130\" height=\"130\" srcset=\"https:\/\/bcsilly.be\/wp-content\/uploads\/2018\/10\/Sandrine-Van-den-Bulcke_cadets-150x150.jpg 150w, https:\/\/bcsilly.be\/wp-content\/uploads\/2018\/10\/Sandrine-Van-den-Bulcke_cadets-300x300.jpg 300w, https:\/\/bcsilly.be\/wp-content\/uploads\/2018\/10\/Sandrine-Van-den-Bulcke_cadets-32x32.jpg 32w, https:\/\/bcsilly.be\/wp-content\/uploads\/2018\/10\/Sandrine-Van-den-Bulcke_cadets-400x400.jpg 400w, https:\/\/bcsilly.be\/wp-content\/uploads\/2018\/10\/Sandrine-Van-den-Bulcke_cadets.jpg 748w\" sizes=\"auto, (max-width: 130px) 100vw, 130px\" \/><img loading=\"lazy\" decoding=\"async\" class=\"wp-image-4707 alignright\" src=\"http:\/\/bcsilly.be\/wp-content\/uploads\/2018\/11\/Delehouzee-Severine-150x150.jpg\" alt=\"\" width=\"130\" height=\"130\" srcset=\"https:\/\/bcsilly.be\/wp-content\/uploads\/2018\/11\/Delehouzee-Severine-150x150.jpg 150w, https:\/\/bcsilly.be\/wp-content\/uploads\/2018\/11\/Delehouzee-Severine-300x300.jpg 300w, https:\/\/bcsilly.be\/wp-content\/uploads\/2018\/11\/Delehouzee-Severine-32x32.jpg 32w, https:\/\/bcsilly.be\/wp-content\/uploads\/2018\/11\/Delehouzee-Severine-400x400.jpg 400w, https:\/\/bcsilly.be\/wp-content\/uploads\/2018\/11\/Delehouzee-Severine.jpg 590w\" sizes=\"auto, (max-width: 130px) 100vw, 130px\" \/>Le 11 novembre 2019, apr\u00e8s 6 ann\u00e9es de bons et loyaux services, <strong>Maxime<\/strong> De Saint Moulin passe la main \u00e0 <strong>Sandrine<\/strong> Vanden Bulcke en tant que secr\u00e9taire. Tandis que <strong>S\u00e9verine <\/strong>Delehouz\u00e9e remplace<strong>\u00a0Quentin<\/strong> Delhovren et <strong>Laurent<\/strong> Vrijdaghs dans leur r\u00f4le de vice-pr\u00e9sident.<\/p>\n<p><img loading=\"lazy\" decoding=\"async\" class=\"wp-image-10478 alignleft\" src=\"http:\/\/bcsilly.be\/wp-content\/uploads\/2023\/12\/Devos-Stephanie-150x150.jpg\" alt=\"\" width=\"130\" height=\"130\" srcset=\"https:\/\/bcsilly.be\/wp-content\/uploads\/2023\/12\/Devos-Stephanie-150x150.jpg 150w, https:\/\/bcsilly.be\/wp-content\/uploads\/2023\/12\/Devos-Stephanie-300x300.jpg 300w, https:\/\/bcsilly.be\/wp-content\/uploads\/2023\/12\/Devos-Stephanie-32x32.jpg 32w, https:\/\/bcsilly.be\/wp-content\/uploads\/2023\/12\/Devos-Stephanie.jpg 515w\" sizes=\"auto, (max-width: 130px) 100vw, 130px\" \/>En septembre 2022, <strong>St\u00e9phanie<\/strong> Devos reprend le r\u00f4le de secr\u00e9taire. tandis que <strong>Laurent<\/strong> Conreur et <strong>Carmelina<\/strong> Ruisi int\u00e8grent le comit\u00e9.<br \/>\nLaurent se voit confier principalement l\u2019organisation des stages et la gestion des subsides. Carmelina, elle, prend en charge le sponsoring.<\/p>\n<p>&nbsp;<\/p>\n<p><img loading=\"lazy\" decoding=\"async\" class=\"wp-image-10072 alignleft\" src=\"http:\/\/bcsilly.be\/wp-content\/uploads\/2023\/10\/BC-Silly-party_10-ans_losanges-bleu_banner_carre-150x150.jpg\" alt=\"\" width=\"130\" height=\"130\" srcset=\"https:\/\/bcsilly.be\/wp-content\/uploads\/2023\/10\/BC-Silly-party_10-ans_losanges-bleu_banner_carre-150x150.jpg 150w, https:\/\/bcsilly.be\/wp-content\/uploads\/2023\/10\/BC-Silly-party_10-ans_losanges-bleu_banner_carre-300x300.jpg 300w, https:\/\/bcsilly.be\/wp-content\/uploads\/2023\/10\/BC-Silly-party_10-ans_losanges-bleu_banner_carre-32x32.jpg 32w, https:\/\/bcsilly.be\/wp-content\/uploads\/2023\/10\/BC-Silly-party_10-ans_losanges-bleu_banner_carre.jpg 1726w\" sizes=\"auto, (max-width: 130px) 100vw, 130px\" \/>En novembre 2023, notre club a f\u00eat\u00e9 ses 10 ans.<\/p>\n<p>En 2023, le B.C. Silly accueille <strong>plus de 150 membres<\/strong>, r\u00e9partis dans <strong>10 \u00e9quipes<\/strong> de mini-basket et de maxi-basket (des U6 aux P4, ainsi qu&#8217;une \u00e9quipe Loisir). Il compte aussi <strong>3 \u00e9quipes f\u00e9minines<\/strong> U16D, U19D et P2 Dames.<\/p>\n<p>&nbsp;<\/p>\n<p><img loading=\"lazy\" decoding=\"async\" class=\"wp-image-10016 alignright\" src=\"http:\/\/bcsilly.be\/wp-content\/uploads\/2022\/09\/P2D_Manche-Audrey_2-150x150.jpg\" alt=\"\" width=\"130\" height=\"130\" srcset=\"https:\/\/bcsilly.be\/wp-content\/uploads\/2022\/09\/P2D_Manche-Audrey_2-150x150.jpg 150w, https:\/\/bcsilly.be\/wp-content\/uploads\/2022\/09\/P2D_Manche-Audrey_2-300x300.jpg 300w, https:\/\/bcsilly.be\/wp-content\/uploads\/2022\/09\/P2D_Manche-Audrey_2-32x32.jpg 32w, https:\/\/bcsilly.be\/wp-content\/uploads\/2022\/09\/P2D_Manche-Audrey_2.jpg 2048w\" sizes=\"auto, (max-width: 130px) 100vw, 130px\" \/><img loading=\"lazy\" decoding=\"async\" class=\"wp-image-9948 alignright\" src=\"http:\/\/bcsilly.be\/wp-content\/uploads\/2023\/08\/PR-U6-U8_Op-de-Beeck-Stephanie-150x150.jpg\" alt=\"\" width=\"130\" height=\"130\" srcset=\"https:\/\/bcsilly.be\/wp-content\/uploads\/2023\/08\/PR-U6-U8_Op-de-Beeck-Stephanie-150x150.jpg 150w, https:\/\/bcsilly.be\/wp-content\/uploads\/2023\/08\/PR-U6-U8_Op-de-Beeck-Stephanie-300x300.jpg 300w, https:\/\/bcsilly.be\/wp-content\/uploads\/2023\/08\/PR-U6-U8_Op-de-Beeck-Stephanie-32x32.jpg 32w, https:\/\/bcsilly.be\/wp-content\/uploads\/2023\/08\/PR-U6-U8_Op-de-Beeck-Stephanie.jpg 2048w\" sizes=\"auto, (max-width: 130px) 100vw, 130px\" \/>En ao\u00fbt 2024, <strong>S\u00e9verine<\/strong> Delehouz\u00e9e, vice-pr\u00e9sidente depuis 2018, passe le flambeau \u00e0 <strong>Audrey<\/strong> Manche. Par ailleurs, apr\u00e8s 11 ann\u00e9es en tant que fid\u00e8le tr\u00e9sorier, <strong>Hugues<\/strong> De Saint Moulin d\u00e9cide de passer la main \u00e0 <strong>St\u00e9phanie<\/strong> Op de Beeck. Leur r\u00f4le est officialis\u00e9 leur 11 novembre 2024.<\/p>\n<p><img loading=\"lazy\" decoding=\"async\" class=\"wp-image-8284 alignleft\" src=\"http:\/\/bcsilly.be\/wp-content\/uploads\/2022\/08\/COMITE_0269.jpg\" alt=\"\" width=\"130\" height=\"130\" srcset=\"https:\/\/bcsilly.be\/wp-content\/uploads\/2022\/08\/COMITE_0269.jpg 1024w, https:\/\/bcsilly.be\/wp-content\/uploads\/2022\/08\/COMITE_0269-150x150.jpg 150w, https:\/\/bcsilly.be\/wp-content\/uploads\/2022\/08\/COMITE_0269-300x300.jpg 300w, https:\/\/bcsilly.be\/wp-content\/uploads\/2022\/08\/COMITE_0269-32x32.jpg 32w\" sizes=\"auto, (max-width: 130px) 100vw, 130px\" \/><\/p>\n<p>Apr\u00e8s 6 ann\u00e9es \u00e0 faire \u00e9voluer le club avec le sourire, l\u2019enthousiasme et la bienveillance qui la caract\u00e9risent, Doroth\u00e9e Braeckman a, elle aussi, choisi de passer le flambeau. C&#8217;est <strong>Laurent<\/strong> Conreur qui reprend la pr\u00e9sidence le 11 novembre 2024. Souvent pr\u00e9sent, Laurent est un grand supporter du club depuis sa cr\u00e9ation.<\/p>\n<p>Enfin, <strong>L\u00e9a<\/strong> Conreur et <strong>Rosaline<\/strong> Lejeune int\u00e8grent \u00e9galement le comit\u00e9 en tant que membres.<\/p>\n<p>Le B.C. Silly a connu une <strong>\u00e9volution fulgurante<\/strong> et forme aujourd&#8217;hui des \u00e9quipes de tous \u00e2ges, des Pr\u00e9-poussins aux Seniors, filles et gar\u00e7ons. Le club se d\u00e9marque par sa convivialit\u00e9 et sa dimension familiale. Sa philosophie ? Accueillir chaque joueur, quel que soit son niveau, pour le former et l&#8217;aider \u00e0 trouver sa place au sein de son \u00e9quipe.<\/p>\n<p>D\u00e9couvrez-en plus sur les membres de <a href=\"http:\/\/bcsilly.be\/index.php\/comite\/\">notre comit\u00e9<\/a>.<\/p>\n","protected":false},"excerpt":{"rendered":"<p>Le B.C. Silly, un club familial et convivial C\u2019est lors d\u2019un match amical de basket disput\u00e9 durant la journ\u00e9e des sports fin septembre 2013 qu\u2019est n\u00e9e l\u2019id\u00e9e de cr\u00e9er un club de basket \u00e0 Silly. Aussit\u00f4t dit, aussit\u00f4t fait\u00a0! Eric Perreaux, Maxime et Hugues De Saint Moulin, Quentin Delhovren, Lucie Perreaux, Didier Vanderhauwaert, Laurent Vrijdaghs [&hellip;]<\/p>\n","protected":false},"author":1,"featured_media":1345,"parent":0,"menu_order":0,"comment_status":"closed","ping_status":"closed","template":"","meta":{"_monsterinsights_skip_tracking":false,"_monsterinsights_sitenote_active":false,"_monsterinsights_sitenote_note":"","_monsterinsights_sitenote_category":0,"iawp_total_views":32,"footnotes":""},"class_list":["post-327","page","type-page","status-publish","has-post-thumbnail","hentry"],"aioseo_notices":[],"amp_enabled":true,"_links":{"self":[{"href":"https:\/\/bcsilly.be\/index.php\/wp-json\/wp\/v2\/pages\/327","targetHints":{"allow":["GET"]}}],"collection":[{"href":"https:\/\/bcsilly.be\/index.php\/wp-json\/wp\/v2\/pages"}],"about":[{"href":"https:\/\/bcsilly.be\/index.php\/wp-json\/wp\/v2\/types\/page"}],"author":[{"embeddable":true,"href":"https:\/\/bcsilly.be\/index.php\/wp-json\/wp\/v2\/users\/1"}],"replies":[{"embeddable":true,"href":"https:\/\/bcsilly.be\/index.php\/wp-json\/wp\/v2\/comments?post=327"}],"version-history":[{"count":46,"href":"https:\/\/bcsilly.be\/index.php\/wp-json\/wp\/v2\/pages\/327\/revisions"}],"predecessor-version":[{"id":13746,"href":"https:\/\/bcsilly.be\/index.php\/wp-json\/wp\/v2\/pages\/327\/revisions\/13746"}],"wp:featuredmedia":[{"embeddable":true,"href":"https:\/\/bcsilly.be\/index.php\/wp-json\/wp\/v2\/media\/1345"}],"wp:attachment":[{"href":"https:\/\/bcsilly.be\/index.php\/wp-json\/wp\/v2\/media?parent=327"}],"curies":[{"name":"wp","href":"https:\/\/api.w.org\/{rel}","templated":true}]}}