{"id":324,"date":"2022-08-11T14:20:17","date_gmt":"2022-08-11T12:20:17","guid":{"rendered":"http:\/\/ferretti.info\/bcsilly\/?page_id=324"},"modified":"2026-03-18T20:52:46","modified_gmt":"2026-03-18T19:52:46","slug":"calendrier-des-matchs-a-venir","status":"publish","type":"page","link":"https:\/\/bcsilly.be\/index.php\/calendrier-des-matchs-a-venir\/","title":{"rendered":"Calendrier des matchs"},"content":{"rendered":"<h2><strong>Venez nombreux !<\/strong><\/h2>\n<p>Retrouvez le calendrier de la saison 2025-2026 ci-dessous. Nous vous donnons rendez-vous \u00e0 <a href=\"http:\/\/bcsilly.be\/index.php\/adresse-sillysports\/\" target=\"_blank\" rel=\"noopener\">SillySports<\/a>\u00a0pour les matchs \u00e0 domicile !<br \/>\n<strong>Attention : les dates ou heures des matchs peuvent \u00eatre modifi\u00e9es en cours de saison. Chaque coach informe son \u00e9quipe de tout changement et confirme les matchs \u00e0 venir via l&#8217;application SportEasy.\u00a0\u00a0<\/strong><\/p>\n<p>Pour plus d\u2019infos concernant un match, vous pouvez \u00e9galement vous rendre sur <a href=\"https:\/\/baskethainaut.be\/competitions\/championnat-provincial\/calendriers-classements\/?season_id=73&amp;organization_id=2&amp;start_date=2024-08-12&amp;end_date=2024-08-18&amp;competition_id=307&amp;competition_id=308&amp;competition_id=309\" target=\"_blank\" rel=\"noopener\">baskethainaut.be<\/a><\/p>\n<table width=\"921\">\n<tbody>\n<tr>\n<td width=\"154\"><strong>Serie<\/strong><\/td>\n<td width=\"56\"><strong>Salle<\/strong><\/td>\n<td width=\"40\"><strong>Date<\/strong><\/td>\n<td width=\"272\"><strong>Heure<\/strong><\/td>\n<td width=\"272\"><strong>Visit\u00e9s<\/strong><\/td>\n<td width=\"272\"><strong>Visiteurs<\/strong><\/td>\n<\/tr>\n<tr>\n<td width=\"127\">U18H C<\/td>\n<td width=\"154\">HO Belle Vue<\/td>\n<td width=\"56\">21-03-26<\/td>\n<td width=\"40\">10:00<\/td>\n<td width=\"272\">PU18H Royal BC Marcinelle<\/td>\n<td width=\"272\">PU18H BC Silly<\/td>\n<\/tr>\n<tr>\n<td width=\"127\">U10HM H<\/td>\n<td width=\"154\">Hall Silly Sports<\/td>\n<td width=\"56\">21-03-26<\/td>\n<td width=\"40\">14:00<\/td>\n<td width=\"272\">PU10HM BC Silly B<\/td>\n<td width=\"272\">PU10HM Blue and Gold Basket Club Celles B<\/td>\n<\/tr>\n<tr>\n<td width=\"127\">P4H B<\/td>\n<td width=\"154\">Salle DBM<\/td>\n<td width=\"56\">21-03-26<\/td>\n<td width=\"40\">17:00<\/td>\n<td width=\"272\">P4H UBC Binche B<\/td>\n<td width=\"272\">P4H BC Silly B<\/td>\n<\/tr>\n<tr>\n<td width=\"127\">U19D B<\/td>\n<td width=\"154\">Hall Silly Sports<\/td>\n<td width=\"56\">22-03-26<\/td>\n<td width=\"40\">09:00<\/td>\n<td width=\"272\">PU19D BC Silly<\/td>\n<td width=\"272\">PU19D Tremplin Mouscron<\/td>\n<\/tr>\n<tr>\n<td width=\"127\">U12HM G<\/td>\n<td width=\"154\">Hall Silly Sports<\/td>\n<td width=\"56\">22-03-26<\/td>\n<td width=\"40\">11:00<\/td>\n<td width=\"272\">PU12HM BC Silly<\/td>\n<td width=\"272\">PU12HM JS Stambruges B<\/td>\n<\/tr>\n<tr>\n<td width=\"127\">P4H C<\/td>\n<td width=\"154\">Salle Jean-Pierre Froehlich<\/td>\n<td width=\"56\">22-03-26<\/td>\n<td width=\"40\">13:00<\/td>\n<td width=\"272\">P4H BC JS Estaimpuis C<\/td>\n<td width=\"272\">P4H BC Silly A<\/td>\n<\/tr>\n<tr>\n<td width=\"127\">U21H B<\/td>\n<td width=\"154\">CPESM &#8211; Ghlin<\/td>\n<td width=\"56\">22-03-26<\/td>\n<td width=\"40\">13:00<\/td>\n<td width=\"272\">PU21H JS Cuesmes<\/td>\n<td width=\"272\">PU21H BC Silly<\/td>\n<\/tr>\n<tr>\n<td width=\"127\">P3D B<\/td>\n<td width=\"154\">SO C. Criquielion<\/td>\n<td width=\"56\">22-03-26<\/td>\n<td width=\"40\">17:00<\/td>\n<td width=\"272\">P3D Union Basket Lessines Flobecq<\/td>\n<td width=\"272\">P3D BC Silly<\/td>\n<\/tr>\n<tr>\n<td width=\"127\">U10HM E<\/td>\n<td width=\"154\">Hall des Sports de Kain<\/td>\n<td width=\"56\">28-03-26<\/td>\n<td width=\"40\">09:30<\/td>\n<td width=\"272\">PU10HM Tournai E.F. Kain<\/td>\n<td width=\"272\">PU10HM BC Silly A<\/td>\n<\/tr>\n<tr>\n<td width=\"127\">P4H B<\/td>\n<td width=\"154\">CO Max Audain<\/td>\n<td width=\"56\">28-03-26<\/td>\n<td width=\"40\">20:30<\/td>\n<td width=\"272\">P4H B.C. L&#8217;9 Fl\u00e9nu-Frameries C<\/td>\n<td width=\"272\">P4H BC Silly B<\/td>\n<\/tr>\n<tr>\n<td width=\"127\">U10HM H<\/td>\n<td width=\"154\">Hall des Sports de Kain<\/td>\n<td width=\"56\">29-03-26<\/td>\n<td width=\"40\">09:00<\/td>\n<td width=\"272\">PU10HM Royal Essor BC Templeuve<\/td>\n<td width=\"272\">PU10HM BC Silly B<\/td>\n<\/tr>\n<tr>\n<td width=\"127\">U18H C<\/td>\n<td width=\"154\">Hall Silly Sports<\/td>\n<td width=\"56\">29-03-26<\/td>\n<td width=\"40\">09:00<\/td>\n<td width=\"272\">PU18H BC Silly<\/td>\n<td width=\"272\">PU18H Union BC Quaregnon B<\/td>\n<\/tr>\n<tr>\n<td width=\"127\">U19D B<\/td>\n<td width=\"154\">Salle JS Soignies<\/td>\n<td width=\"56\">29-03-26<\/td>\n<td width=\"40\">11:00<\/td>\n<td width=\"272\">PU19D Jeunesse Sportive Soignies<\/td>\n<td width=\"272\">PU19D BC Silly<\/td>\n<\/tr>\n<tr>\n<td width=\"127\">P4H C<\/td>\n<td width=\"154\">Hall Silly Sports<\/td>\n<td width=\"56\">29-03-26<\/td>\n<td width=\"40\">13:00<\/td>\n<td width=\"272\">P4H BC Silly A<\/td>\n<td width=\"272\">P4H Union BC Quaregnon D<\/td>\n<\/tr>\n<tr>\n<td width=\"127\">U21H B<\/td>\n<td width=\"154\">Salle JS Soignies<\/td>\n<td width=\"56\">29-03-26<\/td>\n<td width=\"40\">13:00<\/td>\n<td width=\"272\">PU21H Jeunesse Sportive Soignies B<\/td>\n<td width=\"272\">PU21H BC Silly<\/td>\n<\/tr>\n<tr>\n<td width=\"127\">U12HM G<\/td>\n<td width=\"154\">Hall Silly Sports<\/td>\n<td width=\"56\">29-03-26<\/td>\n<td width=\"40\">15:00<\/td>\n<td width=\"272\">PU12HM BC Silly<\/td>\n<td width=\"272\">PU12HM Boussu Saint-Ghislain United C<\/td>\n<\/tr>\n<tr>\n<td width=\"127\">U18H C<\/td>\n<td width=\"154\">HO Saint-Ghislain<\/td>\n<td width=\"56\">11-04-26<\/td>\n<td width=\"40\">09:00<\/td>\n<td width=\"272\">PU18H Boussu Saint-Ghislain United<\/td>\n<td width=\"272\">PU18H BC Silly<\/td>\n<\/tr>\n<tr>\n<td width=\"127\">U10HM H<\/td>\n<td width=\"154\">Hall des Sports de Kain<\/td>\n<td width=\"56\">11-04-26<\/td>\n<td width=\"40\">11:30<\/td>\n<td width=\"272\">PU10HM Aste Kain B<\/td>\n<td width=\"272\">PU10HM BC Silly B<\/td>\n<\/tr>\n<tr>\n<td width=\"127\">U12HM G<\/td>\n<td width=\"154\">HS de Celles<\/td>\n<td width=\"56\">11-04-26<\/td>\n<td width=\"40\">15:00<\/td>\n<td width=\"272\">PU12HM Blue and Gold Basket Club Celles<\/td>\n<td width=\"272\">PU12HM BC Silly<\/td>\n<\/tr>\n<tr>\n<td width=\"127\">P4H B<\/td>\n<td width=\"154\">Hall d&#8217;Ecaussines<\/td>\n<td width=\"56\">11-04-26<\/td>\n<td width=\"40\">19:00<\/td>\n<td width=\"272\">P4H BC \u00c9caussinnes C<\/td>\n<td width=\"272\">P4H BC Silly B<\/td>\n<\/tr>\n<tr>\n<td width=\"127\">U19D B<\/td>\n<td width=\"154\">Hall Silly Sports<\/td>\n<td width=\"56\">12-04-26<\/td>\n<td width=\"40\">09:00<\/td>\n<td width=\"272\">PU19D BC Silly<\/td>\n<td width=\"272\">PU19D Royal BBC Brainois<\/td>\n<\/tr>\n<tr>\n<td width=\"127\">P3D B<\/td>\n<td width=\"154\">Hall Silly Sports<\/td>\n<td width=\"56\">12-04-26<\/td>\n<td width=\"40\">11:00<\/td>\n<td width=\"272\">P3D BC Silly<\/td>\n<td width=\"272\">P3D BC JS Estaimpuis<\/td>\n<\/tr>\n<tr>\n<td width=\"127\">U10HM E<\/td>\n<td width=\"154\">CS Vaulx-Le Pas du Roc<\/td>\n<td width=\"56\">12-04-26<\/td>\n<td width=\"40\">11:00<\/td>\n<td width=\"272\">PU10HM BBC Tournai<\/td>\n<td width=\"272\">PU10HM BC Silly A<\/td>\n<\/tr>\n<tr>\n<td width=\"127\">P4H C<\/td>\n<td width=\"154\">Centre Animation Qui\u00e9vrain<\/td>\n<td width=\"56\">12-04-26<\/td>\n<td width=\"40\">13:00<\/td>\n<td width=\"272\">P4H BCJHP Qui\u00e9vrain B<\/td>\n<td width=\"272\">P4H BC Silly A<\/td>\n<\/tr>\n<tr>\n<td width=\"127\">U18H C<\/td>\n<td width=\"154\">Hall Silly Sports<\/td>\n<td width=\"56\">18-04-26<\/td>\n<td width=\"40\">14:00<\/td>\n<td width=\"272\">PU18H BC Silly<\/td>\n<td width=\"272\">PU18H RBC Montagnard B<\/td>\n<\/tr>\n<tr>\n<td width=\"127\">U12HM G<\/td>\n<td width=\"154\">Salle Severyns<\/td>\n<td width=\"56\">18-04-26<\/td>\n<td width=\"40\">15:00<\/td>\n<td width=\"272\">PU12HM Royal Blaregnies BC<\/td>\n<td width=\"272\">PU12HM BC Silly<\/td>\n<\/tr>\n<tr>\n<td width=\"127\">U21H B<\/td>\n<td width=\"154\">Hall Silly Sports<\/td>\n<td width=\"56\">18-04-26<\/td>\n<td width=\"40\">16:00<\/td>\n<td width=\"272\">PU21H BC Silly<\/td>\n<td width=\"272\">PU21H BCJ Ressaix<\/td>\n<\/tr>\n<tr>\n<td width=\"127\">P4H B<\/td>\n<td width=\"154\">Hall Silly Sports<\/td>\n<td width=\"56\">18-04-26<\/td>\n<td width=\"40\">18:00<\/td>\n<td width=\"272\">P4H BC Silly B<\/td>\n<td width=\"272\">P4H DPK Carni\u00e8res Morlanwelz B<\/td>\n<\/tr>\n<tr>\n<td width=\"127\">P4H C<\/td>\n<td width=\"154\">Hall Silly Sports<\/td>\n<td width=\"56\">18-04-26<\/td>\n<td width=\"40\">20:00<\/td>\n<td width=\"272\">P4H BC Silly A<\/td>\n<td width=\"272\">P4H BC Ghlinois<\/td>\n<\/tr>\n<tr>\n<td width=\"127\">U10HM H<\/td>\n<td width=\"154\">Hall Silly Sports<\/td>\n<td width=\"56\">19-04-26<\/td>\n<td width=\"40\">09:00<\/td>\n<td width=\"272\">PU10HM BC Silly B<\/td>\n<td width=\"272\">PU10HM FanincHr BC Blaton<\/td>\n<\/tr>\n<tr>\n<td width=\"127\">U10HM E<\/td>\n<td width=\"154\">Hall Silly Sports<\/td>\n<td width=\"56\">19-04-26<\/td>\n<td width=\"40\">09:00<\/td>\n<td width=\"272\">PU10HM BC Silly A<\/td>\n<td width=\"272\">PU10HM Blue and Gold Basket Club Celles A<\/td>\n<\/tr>\n<tr>\n<td width=\"127\">P3D B<\/td>\n<td width=\"154\">Hall Silly Sports<\/td>\n<td width=\"56\">19-04-26<\/td>\n<td width=\"40\">11:00<\/td>\n<td width=\"272\">P3D BC Silly<\/td>\n<td width=\"272\">P3D Royal Blaregnies BC<\/td>\n<\/tr>\n<tr>\n<td width=\"127\">U19D B<\/td>\n<td width=\"154\">Hall des Sports de Kain<\/td>\n<td width=\"56\">19-04-26<\/td>\n<td width=\"40\">11:00<\/td>\n<td width=\"272\">PU19D Tournai E.F. Kain<\/td>\n<td width=\"272\">PU19D BC Silly<\/td>\n<\/tr>\n<tr>\n<td width=\"127\">U12HM G<\/td>\n<td width=\"154\">HO Saint-Ghislain<\/td>\n<td width=\"56\">25-04-26<\/td>\n<td width=\"40\">13:00<\/td>\n<td width=\"272\">PU12HM Boussu Saint-Ghislain United C<\/td>\n<td width=\"272\">PU12HM BC Silly<\/td>\n<\/tr>\n<tr>\n<td width=\"127\">U18H C<\/td>\n<td width=\"154\">Hall des Sports de Kain<\/td>\n<td width=\"56\">25-04-26<\/td>\n<td width=\"40\">15:30<\/td>\n<td width=\"272\">PU18H Aste Kain B<\/td>\n<td width=\"272\">PU18H BC Silly<\/td>\n<\/tr>\n<tr>\n<td width=\"127\">U21H B<\/td>\n<td width=\"154\">Hall Silly Sports<\/td>\n<td width=\"56\">25-04-26<\/td>\n<td width=\"40\">16:00<\/td>\n<td width=\"272\">PU21H BC Silly<\/td>\n<td width=\"272\">PU21H BC Mons Capitale<\/td>\n<\/tr>\n<tr>\n<td width=\"127\">P4H C<\/td>\n<td width=\"154\">CS Vaulx-Le Pas du Roc<\/td>\n<td width=\"56\">25-04-26<\/td>\n<td width=\"40\">17:30<\/td>\n<td width=\"272\">P4H BBC Tournai B<\/td>\n<td width=\"272\">P4H BC Silly A<\/td>\n<\/tr>\n<tr>\n<td width=\"127\">U19D B<\/td>\n<td width=\"154\">Hall Silly Sports<\/td>\n<td width=\"56\">26-04-26<\/td>\n<td width=\"40\">09:00<\/td>\n<td width=\"272\">PU19D BC Silly<\/td>\n<td width=\"272\">PU19D JS Fermoba P\u00e9ruwelz<\/td>\n<\/tr>\n<tr>\n<td width=\"127\">P4H B<\/td>\n<td width=\"154\">Hall Silly Sports<\/td>\n<td width=\"56\">26-04-26<\/td>\n<td width=\"40\">13:00<\/td>\n<td width=\"272\">P4H BC Silly B<\/td>\n<td width=\"272\">P4H Wolves Les Bons Villers<\/td>\n<\/tr>\n<\/tbody>\n<\/table>\n","protected":false},"excerpt":{"rendered":"<p>Venez nombreux ! Retrouvez le calendrier de la saison 2025-2026 ci-dessous. Nous vous donnons rendez-vous \u00e0 SillySports\u00a0pour les matchs \u00e0 domicile ! Attention : les dates ou heures des matchs peuvent \u00eatre modifi\u00e9es en cours de saison. Chaque coach informe son \u00e9quipe de tout changement et confirme les matchs \u00e0 venir via l&#8217;application SportEasy.\u00a0\u00a0 Pour [&hellip;]<\/p>\n","protected":false},"author":1,"featured_media":1805,"parent":0,"menu_order":0,"comment_status":"closed","ping_status":"closed","template":"template-fullwidth.php","meta":{"_monsterinsights_skip_tracking":false,"_monsterinsights_sitenote_active":false,"_monsterinsights_sitenote_note":"","_monsterinsights_sitenote_category":0,"iawp_total_views":217,"footnotes":""},"class_list":["post-324","page","type-page","status-publish","has-post-thumbnail","hentry"],"aioseo_notices":[],"amp_enabled":false,"_links":{"self":[{"href":"https:\/\/bcsilly.be\/index.php\/wp-json\/wp\/v2\/pages\/324","targetHints":{"allow":["GET"]}}],"collection":[{"href":"https:\/\/bcsilly.be\/index.php\/wp-json\/wp\/v2\/pages"}],"about":[{"href":"https:\/\/bcsilly.be\/index.php\/wp-json\/wp\/v2\/types\/page"}],"author":[{"embeddable":true,"href":"https:\/\/bcsilly.be\/index.php\/wp-json\/wp\/v2\/users\/1"}],"replies":[{"embeddable":true,"href":"https:\/\/bcsilly.be\/index.php\/wp-json\/wp\/v2\/comments?post=324"}],"version-history":[{"count":246,"href":"https:\/\/bcsilly.be\/index.php\/wp-json\/wp\/v2\/pages\/324\/revisions"}],"predecessor-version":[{"id":13811,"href":"https:\/\/bcsilly.be\/index.php\/wp-json\/wp\/v2\/pages\/324\/revisions\/13811"}],"wp:featuredmedia":[{"embeddable":true,"href":"https:\/\/bcsilly.be\/index.php\/wp-json\/wp\/v2\/media\/1805"}],"wp:attachment":[{"href":"https:\/\/bcsilly.be\/index.php\/wp-json\/wp\/v2\/media?parent=324"}],"curies":[{"name":"wp","href":"https:\/\/api.w.org\/{rel}","templated":true}]}}