{"id":275,"date":"2018-09-23T12:56:04","date_gmt":"2018-09-23T10:56:04","guid":{"rendered":"http:\/\/ferretti.info\/bcsilly\/?page_id=275"},"modified":"2025-12-03T20:51:02","modified_gmt":"2025-12-03T19:51:02","slug":"horaires-des-entrainements","status":"publish","type":"page","link":"https:\/\/bcsilly.be\/index.php\/horaires-des-entrainements\/","title":{"rendered":"Entra\u00eenements"},"content":{"rendered":"<h2><strong>Horaires des entra\u00eenements<\/strong><\/h2>\n<p>Tous les entra\u00eenements et matchs \u00e0 domicile se d\u00e9roulent dans la salle <a href=\"http:\/\/bcsilly.be\/index.php\/adresse\/\" rel=\"noopener noreferrer\">SillySports<\/a> &#8211; Square Camille Theys, rue Thabor 70 &#8211; 7830 Bassilly<\/p>\n<p>Il est demand\u00e9 aux joueurs d\u2019arriver\u00a0<strong>max. 15 minutes avant l\u2019entra\u00eenement<\/strong>\u00a0dans la salle. D\u2019autre part, les parents sont\u00a0<strong>enti\u00e8rement responsables de leur(s) enfant(s)<\/strong>\u00a0en dehors des entra\u00eenements.<\/p>\n<h6><strong>CES HORAIRES SONT DONN\u00c9S \u00c0 TITRE INDICATIF ET PEUVENT ENCORE \u00caTRE MODIFI\u00c9S AVANT LE D\u00c9BUT DE LA SAISON<\/strong><\/h6>\n<table width=\"573\">\n<tbody>\n<tr>\n<td width=\"105\"><strong>Cat\u00e9gorie<\/strong><\/td>\n<td width=\"109\"><strong>Ann\u00e9es<\/strong><\/td>\n<td width=\"169\"><strong>Horaires<\/strong><\/td>\n<td width=\"190\"><strong>Coach(s)<\/strong><\/td>\n<\/tr>\n<tr>\n<td colspan=\"4\" width=\"573\"><strong>CAT\u00c9GORIES MINI-BASKET (MIXTE)<\/strong><\/td>\n<\/tr>\n<tr>\n<td width=\"105\">U8 B<\/td>\n<td width=\"109\">2020-2019<\/td>\n<td width=\"169\">Mercredi de 15h45 \u00e0 16h45<br \/>\nSamedi de 12h \u00e0 13h15<\/td>\n<td width=\"190\">Clara Brogniet<\/td>\n<\/tr>\n<tr>\n<td width=\"105\">U8 A<\/td>\n<td width=\"109\">2018<\/td>\n<td width=\"169\">Mercredi de 16h45 \u00e0 17h45<br \/>\nSamedi de 12h \u00e0 13h15<\/td>\n<td width=\"190\">Emma Ferretti<\/td>\n<\/tr>\n<tr>\n<td width=\"105\">U10 B<\/td>\n<td width=\"109\">2017<\/td>\n<td width=\"169\">Mercredi de 16h30 \u00e0 17h45<br \/>\nJeudi de 17h \u00e0 18h<\/td>\n<td width=\"190\">Tristan Cuvelier<\/td>\n<\/tr>\n<tr>\n<td width=\"105\">U10 A<\/td>\n<td width=\"109\">2016<\/td>\n<td width=\"169\">Mercredi de 14h30 \u00e0 15h45<br \/>\nJeudi de 17h \u00e0 18h<\/td>\n<td width=\"190\">S\u00e9bastien De Smet<\/td>\n<\/tr>\n<tr>\n<td width=\"105\">U12<\/td>\n<td width=\"109\">2014-2015<\/td>\n<td width=\"169\">Mercredi de 17h45 \u00e0 19h<br \/>\nJeudi de 18h \u00e0 19h<\/td>\n<td width=\"190\">Laurent Caille<\/td>\n<\/tr>\n<tr>\n<td colspan=\"4\" width=\"573\"><strong>CAT\u00c9GORIES HOMMES<\/strong><\/td>\n<\/tr>\n<tr>\n<td width=\"105\">U16 Gar\u00e7ons<br \/>\nU18 Gar\u00e7ons<\/td>\n<td width=\"109\">2011-2010<br \/>\n2009-2008<\/td>\n<td width=\"169\">Jeudi de 18h \u00e0 19h<br \/>\nVendredi de 18h30 \u00e0 20h<\/td>\n<td width=\"190\">Kevin Deceuleneer<\/td>\n<\/tr>\n<tr>\n<td width=\"105\">U21 Gar\u00e7ons<\/td>\n<td width=\"109\">2007-2006-2005<\/td>\n<td width=\"169\">Mardi de 19h30 \u00e0 20h45<br \/>\nVendredi de 21h \u00e0 22h15<\/td>\n<td width=\"190\">David Ducarmois<\/td>\n<\/tr>\n<tr>\n<td width=\"105\">P4H A<\/td>\n<td width=\"109\">&lt; 2005<\/td>\n<td width=\"169\">Mardi de 20h45 \u00e0 22h<br \/>\nVendredi de 19h45 \u00e0 21h<\/td>\n<td width=\"190\">Kevin Vanden Berghe<\/td>\n<\/tr>\n<tr>\n<td width=\"105\">P4H B<\/td>\n<td width=\"109\">&lt; 2008<\/td>\n<td width=\"169\">Mardi de 19h30 \u00e0 20h45<br \/>\nVendredi de 21h \u00e0 22h15<\/td>\n<td width=\"190\">David Ducarmois<\/td>\n<\/tr>\n<tr>\n<td width=\"105\">Loisir<\/td>\n<td width=\"109\">\u00c0 partir de 18 ans<\/td>\n<td width=\"169\">Lundi de 21h30 \u00e0 23h<\/td>\n<td width=\"190\">Laurent Caille<\/td>\n<\/tr>\n<tr>\n<td colspan=\"4\" width=\"573\"><strong>CAT\u00c9GORIES DAMES<\/strong><\/td>\n<\/tr>\n<tr>\n<td width=\"105\">U19<\/td>\n<td width=\"109\">2010-2009<br \/>\n2008-2007<\/td>\n<td width=\"169\">Mercredi de 17h45 \u00e0 19h<br \/>\nJeudi de 19h \u00e0 20h<\/td>\n<td width=\"190\">Olivier Laurent<\/td>\n<\/tr>\n<tr>\n<td width=\"105\">P3D<\/td>\n<td width=\"109\">&lt; 2007<\/td>\n<td width=\"169\">Mardi de 18h \u00e0 19h<br \/>\nVendredi de 18h15 \u00e0 19h45<\/td>\n<td width=\"190\">Christopher Geleyn<\/td>\n<\/tr>\n<\/tbody>\n<\/table>\n<p><strong>Les horaires des matchs sont d\u00e9termin\u00e9s par le calendrier de la f\u00e9d\u00e9ration disponible en d\u00e9but de saison sur <\/strong><a href=\"http:\/\/www.baskethainaut.be\"><strong>www.baskethainaut.be<\/strong><\/a><strong>. Les matchs \u00e0 domicile se joueront g\u00e9n\u00e9ralement le samedi apr\u00e8s-midi ou le dimanche \u00e0 SillySports.<\/strong><\/p>\n","protected":false},"excerpt":{"rendered":"<p>Horaires des entra\u00eenements Tous les entra\u00eenements et matchs \u00e0 domicile se d\u00e9roulent dans la salle SillySports &#8211; Square Camille Theys, rue Thabor 70 &#8211; 7830 Bassilly Il est demand\u00e9 aux joueurs d\u2019arriver\u00a0max. 15 minutes avant l\u2019entra\u00eenement\u00a0dans la salle. D\u2019autre part, les parents sont\u00a0enti\u00e8rement responsables de leur(s) enfant(s)\u00a0en dehors des entra\u00eenements. CES HORAIRES SONT DONN\u00c9S \u00c0 [&hellip;]<\/p>\n","protected":false},"author":1,"featured_media":1899,"parent":0,"menu_order":0,"comment_status":"closed","ping_status":"closed","template":"template-fullwidth.php","meta":{"_monsterinsights_skip_tracking":false,"_monsterinsights_sitenote_active":false,"_monsterinsights_sitenote_note":"","_monsterinsights_sitenote_category":0,"iawp_total_views":206,"footnotes":""},"class_list":["post-275","page","type-page","status-publish","has-post-thumbnail","hentry"],"aioseo_notices":[],"amp_enabled":false,"_links":{"self":[{"href":"https:\/\/bcsilly.be\/index.php\/wp-json\/wp\/v2\/pages\/275","targetHints":{"allow":["GET"]}}],"collection":[{"href":"https:\/\/bcsilly.be\/index.php\/wp-json\/wp\/v2\/pages"}],"about":[{"href":"https:\/\/bcsilly.be\/index.php\/wp-json\/wp\/v2\/types\/page"}],"author":[{"embeddable":true,"href":"https:\/\/bcsilly.be\/index.php\/wp-json\/wp\/v2\/users\/1"}],"replies":[{"embeddable":true,"href":"https:\/\/bcsilly.be\/index.php\/wp-json\/wp\/v2\/comments?post=275"}],"version-history":[{"count":114,"href":"https:\/\/bcsilly.be\/index.php\/wp-json\/wp\/v2\/pages\/275\/revisions"}],"predecessor-version":[{"id":13758,"href":"https:\/\/bcsilly.be\/index.php\/wp-json\/wp\/v2\/pages\/275\/revisions\/13758"}],"wp:featuredmedia":[{"embeddable":true,"href":"https:\/\/bcsilly.be\/index.php\/wp-json\/wp\/v2\/media\/1899"}],"wp:attachment":[{"href":"https:\/\/bcsilly.be\/index.php\/wp-json\/wp\/v2\/media?parent=275"}],"curies":[{"name":"wp","href":"https:\/\/api.w.org\/{rel}","templated":true}]}}